{"id":106,"date":"2023-01-23T07:03:25","date_gmt":"2023-01-23T06:03:25","guid":{"rendered":"https:\/\/zen2050maintenant.fr\/index.php\/mon-compte\/"},"modified":"2023-01-23T07:03:25","modified_gmt":"2023-01-23T06:03:25","slug":"mon-compte","status":"publish","type":"page","link":"https:\/\/zen2050maintenant.fr\/index.php\/mon-compte\/","title":{"rendered":"Mon compte"},"content":{"rendered":"<p>[woocommerce_my_account]<\/p>\n","protected":false},"excerpt":{"rendered":"","protected":false},"author":1,"featured_media":0,"parent":0,"menu_order":27,"comment_status":"closed","ping_status":"closed","template":"","meta":{"footnotes":""},"yoast_head":"<!-- This site is optimized with the Yoast SEO plugin v21.7 - https:\/\/yoast.com\/wordpress\/plugins\/seo\/ -->\n<title>Mon compte - Zen 2050<\/title>\n<meta name=\"robots\" content=\"index, follow, max-snippet:-1, max-image-preview:large, max-video-preview:-1\" \/>\n<link rel=\"canonical\" href=\"https:\/\/zen2050maintenant.fr\/index.php\/mon-compte\/\" \/>\n<meta property=\"og:locale\" content=\"fr_FR\" \/>\n<meta property=\"og:type\" content=\"article\" \/>\n<meta property=\"og:title\" content=\"Mon compte - Zen 2050\" \/>\n<meta property=\"og:url\" content=\"https:\/\/zen2050maintenant.fr\/index.php\/mon-compte\/\" \/>\n<meta property=\"og:site_name\" content=\"Zen 2050\" \/>\n<meta name=\"twitter:card\" content=\"summary_large_image\" \/>\n<script type=\"application\/ld+json\" class=\"yoast-schema-graph\">{\"@context\":\"https:\/\/schema.org\",\"@graph\":[{\"@type\":\"WebPage\",\"@id\":\"https:\/\/zen2050maintenant.fr\/index.php\/mon-compte\/\",\"url\":\"https:\/\/zen2050maintenant.fr\/index.php\/mon-compte\/\",\"name\":\"Mon compte - Zen 2050\",\"isPartOf\":{\"@id\":\"https:\/\/zen2050maintenant.fr\/#website\"},\"datePublished\":\"2023-01-23T06:03:25+00:00\",\"dateModified\":\"2023-01-23T06:03:25+00:00\",\"breadcrumb\":{\"@id\":\"https:\/\/zen2050maintenant.fr\/index.php\/mon-compte\/#breadcrumb\"},\"inLanguage\":\"fr-FR\",\"potentialAction\":[{\"@type\":\"ReadAction\",\"target\":[\"https:\/\/zen2050maintenant.fr\/index.php\/mon-compte\/\"]}]},{\"@type\":\"BreadcrumbList\",\"@id\":\"https:\/\/zen2050maintenant.fr\/index.php\/mon-compte\/#breadcrumb\",\"itemListElement\":[{\"@type\":\"ListItem\",\"position\":1,\"name\":\"Accueil\",\"item\":\"https:\/\/zen2050maintenant.fr\/\"},{\"@type\":\"ListItem\",\"position\":2,\"name\":\"Mon compte\"}]},{\"@type\":\"WebSite\",\"@id\":\"https:\/\/zen2050maintenant.fr\/#website\",\"url\":\"https:\/\/zen2050maintenant.fr\/\",\"name\":\"Zen 2050 maintenant\",\"description\":\"Des actions locales et concr\u00e8tes vres la neutrali\u00e9 carbone en 2050\",\"publisher\":{\"@id\":\"https:\/\/zen2050maintenant.fr\/#organization\"},\"potentialAction\":[{\"@type\":\"SearchAction\",\"target\":{\"@type\":\"EntryPoint\",\"urlTemplate\":\"https:\/\/zen2050maintenant.fr\/?s={search_term_string}\"},\"query-input\":\"required name=search_term_string\"}],\"inLanguage\":\"fr-FR\"},{\"@type\":\"Organization\",\"@id\":\"https:\/\/zen2050maintenant.fr\/#organization\",\"name\":\"Zen 2050 maintenant\",\"url\":\"https:\/\/zen2050maintenant.fr\/\",\"logo\":{\"@type\":\"ImageObject\",\"inLanguage\":\"fr-FR\",\"@id\":\"https:\/\/zen2050maintenant.fr\/#\/schema\/logo\/image\/\",\"url\":\"https:\/\/i0.wp.com\/zen2050maintenant.fr\/wp-content\/uploads\/2023\/02\/logo.jpg?fit=261%2C186&ssl=1\",\"contentUrl\":\"https:\/\/i0.wp.com\/zen2050maintenant.fr\/wp-content\/uploads\/2023\/02\/logo.jpg?fit=261%2C186&ssl=1\",\"width\":261,\"height\":186,\"caption\":\"Zen 2050 maintenant\"},\"image\":{\"@id\":\"https:\/\/zen2050maintenant.fr\/#\/schema\/logo\/image\/\"}}]}<\/script>\n<!-- \/ Yoast SEO plugin. -->","yoast_head_json":{"title":"Mon compte - Zen 2050","robots":{"index":"index","follow":"follow","max-snippet":"max-snippet:-1","max-image-preview":"max-image-preview:large","max-video-preview":"max-video-preview:-1"},"canonical":"https:\/\/zen2050maintenant.fr\/index.php\/mon-compte\/","og_locale":"fr_FR","og_type":"article","og_title":"Mon compte - Zen 2050","og_url":"https:\/\/zen2050maintenant.fr\/index.php\/mon-compte\/","og_site_name":"Zen 2050","twitter_card":"summary_large_image","schema":{"@context":"https:\/\/schema.org","@graph":[{"@type":"WebPage","@id":"https:\/\/zen2050maintenant.fr\/index.php\/mon-compte\/","url":"https:\/\/zen2050maintenant.fr\/index.php\/mon-compte\/","name":"Mon compte - Zen 2050","isPartOf":{"@id":"https:\/\/zen2050maintenant.fr\/#website"},"datePublished":"2023-01-23T06:03:25+00:00","dateModified":"2023-01-23T06:03:25+00:00","breadcrumb":{"@id":"https:\/\/zen2050maintenant.fr\/index.php\/mon-compte\/#breadcrumb"},"inLanguage":"fr-FR","potentialAction":[{"@type":"ReadAction","target":["https:\/\/zen2050maintenant.fr\/index.php\/mon-compte\/"]}]},{"@type":"BreadcrumbList","@id":"https:\/\/zen2050maintenant.fr\/index.php\/mon-compte\/#breadcrumb","itemListElement":[{"@type":"ListItem","position":1,"name":"Accueil","item":"https:\/\/zen2050maintenant.fr\/"},{"@type":"ListItem","position":2,"name":"Mon compte"}]},{"@type":"WebSite","@id":"https:\/\/zen2050maintenant.fr\/#website","url":"https:\/\/zen2050maintenant.fr\/","name":"Zen 2050 maintenant","description":"Des actions locales et concr\u00e8tes vres la neutrali\u00e9 carbone en 2050","publisher":{"@id":"https:\/\/zen2050maintenant.fr\/#organization"},"potentialAction":[{"@type":"SearchAction","target":{"@type":"EntryPoint","urlTemplate":"https:\/\/zen2050maintenant.fr\/?s={search_term_string}"},"query-input":"required name=search_term_string"}],"inLanguage":"fr-FR"},{"@type":"Organization","@id":"https:\/\/zen2050maintenant.fr\/#organization","name":"Zen 2050 maintenant","url":"https:\/\/zen2050maintenant.fr\/","logo":{"@type":"ImageObject","inLanguage":"fr-FR","@id":"https:\/\/zen2050maintenant.fr\/#\/schema\/logo\/image\/","url":"https:\/\/i0.wp.com\/zen2050maintenant.fr\/wp-content\/uploads\/2023\/02\/logo.jpg?fit=261%2C186&ssl=1","contentUrl":"https:\/\/i0.wp.com\/zen2050maintenant.fr\/wp-content\/uploads\/2023\/02\/logo.jpg?fit=261%2C186&ssl=1","width":261,"height":186,"caption":"Zen 2050 maintenant"},"image":{"@id":"https:\/\/zen2050maintenant.fr\/#\/schema\/logo\/image\/"}}]}},"jetpack_sharing_enabled":true,"jetpack-related-posts":[{"id":3,"url":"https:\/\/zen2050maintenant.fr\/index.php\/politique-de-confidentialite\/","url_meta":{"origin":106,"position":0},"title":"Politique de confidentialit\u00e9","author":"mipicard99@gmail.com","date":"12\/01\/2023","format":false,"excerpt":"Qui sommes-nous\u00a0? L\u2019adresse de notre site est\u00a0: https:\/\/zen2050maintenant.fr. Commentaires Quand vous laissez un commentaire sur notre site, les donn\u00e9es inscrites dans le formulaire de commentaire, ainsi que votre adresse IP et l\u2019agent utilisateur de votre navigateur sont collect\u00e9s pour nous aider \u00e0 la d\u00e9tection des commentaires ind\u00e9sirables. Une cha\u00eene anonymis\u00e9e\u2026","rel":"","context":"Article similaire","block_context":{"text":"Article similaire","link":""},"img":{"alt_text":"","src":"","width":0,"height":0},"classes":[]}],"_links":{"self":[{"href":"https:\/\/zen2050maintenant.fr\/index.php\/wp-json\/wp\/v2\/pages\/106"}],"collection":[{"href":"https:\/\/zen2050maintenant.fr\/index.php\/wp-json\/wp\/v2\/pages"}],"about":[{"href":"https:\/\/zen2050maintenant.fr\/index.php\/wp-json\/wp\/v2\/types\/page"}],"author":[{"embeddable":true,"href":"https:\/\/zen2050maintenant.fr\/index.php\/wp-json\/wp\/v2\/users\/1"}],"replies":[{"embeddable":true,"href":"https:\/\/zen2050maintenant.fr\/index.php\/wp-json\/wp\/v2\/comments?post=106"}],"version-history":[{"count":1,"href":"https:\/\/zen2050maintenant.fr\/index.php\/wp-json\/wp\/v2\/pages\/106\/revisions"}],"predecessor-version":[{"id":308,"href":"https:\/\/zen2050maintenant.fr\/index.php\/wp-json\/wp\/v2\/pages\/106\/revisions\/308"}],"wp:attachment":[{"href":"https:\/\/zen2050maintenant.fr\/index.php\/wp-json\/wp\/v2\/media?parent=106"}],"curies":[{"name":"wp","href":"https:\/\/api.w.org\/{rel}","templated":true}]}}