{"id":140,"date":"2023-01-31T17:13:03","date_gmt":"2023-01-31T16:13:03","guid":{"rendered":"https:\/\/zen2050maintenant.fr\/?page_id=140"},"modified":"2025-11-04T16:14:25","modified_gmt":"2025-11-04T15:14:25","slug":"les-balades-thermiques","status":"publish","type":"page","link":"https:\/\/zen2050maintenant.fr\/index.php\/nos-projets-2\/les-balades-thermiques\/","title":{"rendered":"Les balades thermiques"},"content":{"rendered":"\n<div class=\"wp-block-media-text alignwide has-media-on-the-right is-stacked-on-mobile\" style=\"grid-template-columns:auto 15%\"><div class=\"wp-block-media-text__content\">\n<p><\/p>\n\n\n\n<div class=\"wp-block-columns is-layout-flex wp-container-core-columns-layout-1 wp-block-columns-is-layout-flex\">\n<div class=\"wp-block-column is-layout-flow wp-block-column-is-layout-flow\" style=\"flex-basis:66.66%\">\n<p><em>Gr\u00e2ce \u00e0 une cam\u00e9ra infra-rouge acquise par notre association, avec l'aide de la R\u00e9gion Ile de France (Budget\u00a0participatif \u00e9cologique et solidaire)<\/em>, vous pourrez visualiser les pertes thermiques des b\u00e2timents, lors d'une balade effectu\u00e9e de nuit et de pr\u00e9f\u00e9rence en hiver. <\/p>\n\n\n\n<p><\/p>\n<\/div>\n\n\n\n<div class=\"wp-block-column is-layout-flow wp-block-column-is-layout-flow\" style=\"flex-basis:33.33%\">\n<figure class=\"wp-block-image size-full\"><img decoding=\"async\" width=\"415\" height=\"211\" src=\"https:\/\/i0.wp.com\/zen2050maintenant.fr\/wp-content\/uploads\/2023\/09\/logo-IdF.png?resize=415%2C211&#038;ssl=1\" alt=\"\" class=\"wp-image-633\" srcset=\"https:\/\/i0.wp.com\/zen2050maintenant.fr\/wp-content\/uploads\/2023\/09\/logo-IdF.png?w=415&amp;ssl=1 415w, https:\/\/i0.wp.com\/zen2050maintenant.fr\/wp-content\/uploads\/2023\/09\/logo-IdF.png?resize=300%2C153&amp;ssl=1 300w\" sizes=\"(max-width: 415px) 100vw, 415px\" data-recalc-dims=\"1\" \/><\/figure>\n<\/div>\n<\/div>\n\n\n\n<p>Inscrivez-vous \u00e0 une s\u00e9ance programm\u00e9e et vous pourrez participer \u00e0 une promenade dans votre quartier ou \u00e0 une conf\u00e9rence interactive mobilisant les cam\u00e9ras. A chaque fois des \u00e9changes en groupe sur les solutions disponibles (comment &nbsp;baisser vos factures de chauffage, r\u00e9duire votre empreinte carbone&nbsp;?), des aides \u00e0 l\u2019usage de telles cam\u00e9ras.<\/p>\n\n\n\n<div class=\"wp-block-columns is-layout-flex wp-container-core-columns-layout-2 wp-block-columns-is-layout-flex\">\n<div class=\"wp-block-column is-layout-flow wp-block-column-is-layout-flow\">\n<figure class=\"wp-block-image size-full is-resized\"><img decoding=\"async\" width=\"431\" height=\"356\" src=\"https:\/\/i0.wp.com\/zen2050maintenant.fr\/wp-content\/uploads\/2023\/01\/chaleur.jpg?resize=431%2C356&#038;ssl=1\" alt=\"\" class=\"wp-image-136\" style=\"width:347px;height:auto\" srcset=\"https:\/\/i0.wp.com\/zen2050maintenant.fr\/wp-content\/uploads\/2023\/01\/chaleur.jpg?w=431&amp;ssl=1 431w, https:\/\/i0.wp.com\/zen2050maintenant.fr\/wp-content\/uploads\/2023\/01\/chaleur.jpg?resize=300%2C248&amp;ssl=1 300w\" sizes=\"(max-width: 431px) 100vw, 431px\" data-recalc-dims=\"1\" \/><\/figure>\n<\/div>\n\n\n\n<div class=\"wp-block-column is-layout-flow wp-block-column-is-layout-flow\">\n<figure class=\"wp-block-image size-full is-resized\"><img decoding=\"async\" width=\"931\" height=\"659\" src=\"https:\/\/i0.wp.com\/zen2050maintenant.fr\/wp-content\/uploads\/2023\/01\/maison.jpg?resize=931%2C659&#038;ssl=1\" alt=\"\" class=\"wp-image-137\" style=\"width:590px;height:auto\" srcset=\"https:\/\/i0.wp.com\/zen2050maintenant.fr\/wp-content\/uploads\/2023\/01\/maison.jpg?w=931&amp;ssl=1 931w, https:\/\/i0.wp.com\/zen2050maintenant.fr\/wp-content\/uploads\/2023\/01\/maison.jpg?resize=300%2C212&amp;ssl=1 300w, https:\/\/i0.wp.com\/zen2050maintenant.fr\/wp-content\/uploads\/2023\/01\/maison.jpg?resize=768%2C544&amp;ssl=1 768w, https:\/\/i0.wp.com\/zen2050maintenant.fr\/wp-content\/uploads\/2023\/01\/maison.jpg?resize=600%2C425&amp;ssl=1 600w\" sizes=\"(max-width: 931px) 100vw, 931px\" data-recalc-dims=\"1\" \/><\/figure>\n<\/div>\n<\/div>\n<\/div><figure class=\"wp-block-media-text__media\"><img decoding=\"async\" width=\"295\" height=\"598\" src=\"https:\/\/i0.wp.com\/zen2050maintenant.fr\/http:\/\/zen2050maintenant.fr\/http:\/\/zen2050maintenant.fr\/wp-content\/uploads\/2023\/01\/camera-thermique.jpg?resize=295%2C598&#038;ssl=1\" alt=\"\" class=\"wp-image-134 size-full\" srcset=\"https:\/\/i0.wp.com\/zen2050maintenant.fr\/wp-content\/uploads\/2023\/01\/camera-thermique.jpg?w=295&amp;ssl=1 295w, https:\/\/i0.wp.com\/zen2050maintenant.fr\/wp-content\/uploads\/2023\/01\/camera-thermique.jpg?resize=148%2C300&amp;ssl=1 148w\" sizes=\"(max-width: 295px) 100vw, 295px\" data-recalc-dims=\"1\" \/><\/figure><\/div>\n\n\n\n<div class=\"wp-block-columns is-layout-flex wp-container-core-columns-layout-3 wp-block-columns-is-layout-flex\">\n<div class=\"wp-block-column is-layout-flow wp-block-column-is-layout-flow\"><\/div>\n\n\n\n<div class=\"wp-block-column is-layout-flow wp-block-column-is-layout-flow\"><\/div>\n<\/div>\n\n\n\n<div style=\"padding:56.25% 0 0 0;position:relative;\"><iframe src=\"https:\/\/player.vimeo.com\/video\/794486410?h=2acd2d5748&amp;badge=0&amp;autopause=0&amp;player_id=0&amp;app_id=58479\" frameborder=\"0\" allow=\"autoplay; fullscreen; picture-in-picture\" allowfullscreen style=\"position:absolute;top:0;left:0;width:100%;height:100%;\" title=\"Video-invitation-balade-60-fps.mp4\"><\/iframe><\/div><script src=\"https:\/\/player.vimeo.com\/api\/player.js\"><\/script>\n","protected":false},"excerpt":{"rendered":"","protected":false},"author":1,"featured_media":0,"parent":688,"menu_order":1,"comment_status":"closed","ping_status":"closed","template":"","meta":{"footnotes":""},"yoast_head":"<!-- This site is optimized with the Yoast SEO plugin v21.7 - https:\/\/yoast.com\/wordpress\/plugins\/seo\/ -->\n<title>Les balades thermiques - Zen 2050<\/title>\n<meta name=\"robots\" content=\"index, follow, max-snippet:-1, max-image-preview:large, max-video-preview:-1\" \/>\n<link rel=\"canonical\" href=\"https:\/\/zen2050maintenant.fr\/index.php\/nos-projets-2\/les-balades-thermiques\/\" \/>\n<meta property=\"og:locale\" content=\"fr_FR\" \/>\n<meta property=\"og:type\" content=\"article\" \/>\n<meta property=\"og:title\" content=\"Les balades thermiques - Zen 2050\" \/>\n<meta property=\"og:url\" content=\"https:\/\/zen2050maintenant.fr\/index.php\/nos-projets-2\/les-balades-thermiques\/\" \/>\n<meta property=\"og:site_name\" content=\"Zen 2050\" \/>\n<meta property=\"article:modified_time\" content=\"2025-11-04T15:14:25+00:00\" \/>\n<meta property=\"og:image\" content=\"https:\/\/zen2050maintenant.fr\/wp-content\/uploads\/2023\/09\/logo-IdF.png\" \/>\n<meta name=\"twitter:card\" content=\"summary_large_image\" \/>\n<meta name=\"twitter:label1\" content=\"Dur\u00e9e de lecture estim\u00e9e\" \/>\n\t<meta name=\"twitter:data1\" content=\"2 minutes\" \/>\n<script type=\"application\/ld+json\" class=\"yoast-schema-graph\">{\"@context\":\"https:\/\/schema.org\",\"@graph\":[{\"@type\":\"WebPage\",\"@id\":\"https:\/\/zen2050maintenant.fr\/index.php\/nos-projets-2\/les-balades-thermiques\/\",\"url\":\"https:\/\/zen2050maintenant.fr\/index.php\/nos-projets-2\/les-balades-thermiques\/\",\"name\":\"Les balades thermiques - Zen 2050\",\"isPartOf\":{\"@id\":\"https:\/\/zen2050maintenant.fr\/#website\"},\"datePublished\":\"2023-01-31T16:13:03+00:00\",\"dateModified\":\"2025-11-04T15:14:25+00:00\",\"breadcrumb\":{\"@id\":\"https:\/\/zen2050maintenant.fr\/index.php\/nos-projets-2\/les-balades-thermiques\/#breadcrumb\"},\"inLanguage\":\"fr-FR\",\"potentialAction\":[{\"@type\":\"ReadAction\",\"target\":[\"https:\/\/zen2050maintenant.fr\/index.php\/nos-projets-2\/les-balades-thermiques\/\"]}]},{\"@type\":\"BreadcrumbList\",\"@id\":\"https:\/\/zen2050maintenant.fr\/index.php\/nos-projets-2\/les-balades-thermiques\/#breadcrumb\",\"itemListElement\":[{\"@type\":\"ListItem\",\"position\":1,\"name\":\"Accueil\",\"item\":\"https:\/\/zen2050maintenant.fr\/\"},{\"@type\":\"ListItem\",\"position\":2,\"name\":\"Nos projets\",\"item\":\"https:\/\/zen2050maintenant.fr\/index.php\/nos-projets-2\/\"},{\"@type\":\"ListItem\",\"position\":3,\"name\":\"Les balades thermiques\"}]},{\"@type\":\"WebSite\",\"@id\":\"https:\/\/zen2050maintenant.fr\/#website\",\"url\":\"https:\/\/zen2050maintenant.fr\/\",\"name\":\"Zen 2050 maintenant\",\"description\":\"Des actions locales et concr\u00e8tes vres la neutrali\u00e9 carbone en 2050\",\"publisher\":{\"@id\":\"https:\/\/zen2050maintenant.fr\/#organization\"},\"potentialAction\":[{\"@type\":\"SearchAction\",\"target\":{\"@type\":\"EntryPoint\",\"urlTemplate\":\"https:\/\/zen2050maintenant.fr\/?s={search_term_string}\"},\"query-input\":\"required name=search_term_string\"}],\"inLanguage\":\"fr-FR\"},{\"@type\":\"Organization\",\"@id\":\"https:\/\/zen2050maintenant.fr\/#organization\",\"name\":\"Zen 2050 maintenant\",\"url\":\"https:\/\/zen2050maintenant.fr\/\",\"logo\":{\"@type\":\"ImageObject\",\"inLanguage\":\"fr-FR\",\"@id\":\"https:\/\/zen2050maintenant.fr\/#\/schema\/logo\/image\/\",\"url\":\"https:\/\/i0.wp.com\/zen2050maintenant.fr\/wp-content\/uploads\/2023\/02\/logo.jpg?fit=261%2C186&ssl=1\",\"contentUrl\":\"https:\/\/i0.wp.com\/zen2050maintenant.fr\/wp-content\/uploads\/2023\/02\/logo.jpg?fit=261%2C186&ssl=1\",\"width\":261,\"height\":186,\"caption\":\"Zen 2050 maintenant\"},\"image\":{\"@id\":\"https:\/\/zen2050maintenant.fr\/#\/schema\/logo\/image\/\"}}]}<\/script>\n<!-- \/ Yoast SEO plugin. -->","yoast_head_json":{"title":"Les balades thermiques - Zen 2050","robots":{"index":"index","follow":"follow","max-snippet":"max-snippet:-1","max-image-preview":"max-image-preview:large","max-video-preview":"max-video-preview:-1"},"canonical":"https:\/\/zen2050maintenant.fr\/index.php\/nos-projets-2\/les-balades-thermiques\/","og_locale":"fr_FR","og_type":"article","og_title":"Les balades thermiques - Zen 2050","og_url":"https:\/\/zen2050maintenant.fr\/index.php\/nos-projets-2\/les-balades-thermiques\/","og_site_name":"Zen 2050","article_modified_time":"2025-11-04T15:14:25+00:00","og_image":[{"url":"https:\/\/zen2050maintenant.fr\/wp-content\/uploads\/2023\/09\/logo-IdF.png"}],"twitter_card":"summary_large_image","twitter_misc":{"Dur\u00e9e de lecture estim\u00e9e":"2 minutes"},"schema":{"@context":"https:\/\/schema.org","@graph":[{"@type":"WebPage","@id":"https:\/\/zen2050maintenant.fr\/index.php\/nos-projets-2\/les-balades-thermiques\/","url":"https:\/\/zen2050maintenant.fr\/index.php\/nos-projets-2\/les-balades-thermiques\/","name":"Les balades thermiques - Zen 2050","isPartOf":{"@id":"https:\/\/zen2050maintenant.fr\/#website"},"datePublished":"2023-01-31T16:13:03+00:00","dateModified":"2025-11-04T15:14:25+00:00","breadcrumb":{"@id":"https:\/\/zen2050maintenant.fr\/index.php\/nos-projets-2\/les-balades-thermiques\/#breadcrumb"},"inLanguage":"fr-FR","potentialAction":[{"@type":"ReadAction","target":["https:\/\/zen2050maintenant.fr\/index.php\/nos-projets-2\/les-balades-thermiques\/"]}]},{"@type":"BreadcrumbList","@id":"https:\/\/zen2050maintenant.fr\/index.php\/nos-projets-2\/les-balades-thermiques\/#breadcrumb","itemListElement":[{"@type":"ListItem","position":1,"name":"Accueil","item":"https:\/\/zen2050maintenant.fr\/"},{"@type":"ListItem","position":2,"name":"Nos projets","item":"https:\/\/zen2050maintenant.fr\/index.php\/nos-projets-2\/"},{"@type":"ListItem","position":3,"name":"Les balades thermiques"}]},{"@type":"WebSite","@id":"https:\/\/zen2050maintenant.fr\/#website","url":"https:\/\/zen2050maintenant.fr\/","name":"Zen 2050 maintenant","description":"Des actions locales et concr\u00e8tes vres la neutrali\u00e9 carbone en 2050","publisher":{"@id":"https:\/\/zen2050maintenant.fr\/#organization"},"potentialAction":[{"@type":"SearchAction","target":{"@type":"EntryPoint","urlTemplate":"https:\/\/zen2050maintenant.fr\/?s={search_term_string}"},"query-input":"required name=search_term_string"}],"inLanguage":"fr-FR"},{"@type":"Organization","@id":"https:\/\/zen2050maintenant.fr\/#organization","name":"Zen 2050 maintenant","url":"https:\/\/zen2050maintenant.fr\/","logo":{"@type":"ImageObject","inLanguage":"fr-FR","@id":"https:\/\/zen2050maintenant.fr\/#\/schema\/logo\/image\/","url":"https:\/\/i0.wp.com\/zen2050maintenant.fr\/wp-content\/uploads\/2023\/02\/logo.jpg?fit=261%2C186&ssl=1","contentUrl":"https:\/\/i0.wp.com\/zen2050maintenant.fr\/wp-content\/uploads\/2023\/02\/logo.jpg?fit=261%2C186&ssl=1","width":261,"height":186,"caption":"Zen 2050 maintenant"},"image":{"@id":"https:\/\/zen2050maintenant.fr\/#\/schema\/logo\/image\/"}}]}},"jetpack_sharing_enabled":true,"jetpack-related-posts":[{"id":359,"url":"https:\/\/zen2050maintenant.fr\/index.php\/espace-abonnes\/gt-balades-thermiques\/","url_meta":{"origin":140,"position":0},"title":"GT Balades thermiques","author":"mipicard99@gmail.com","date":"27\/02\/2023","format":false,"excerpt":"Groupe \u00e0 acc\u00e8s restreint Prochaines r\u00e9unions \u00e0 compl\u00e9ter Documents Les documents finalis\u00e9s sont disponibles ici. On peut mettre beaucoup de types de docs, mais en lecture seule, exemple avec Powerpoint. Par contre, attention au volume et au temps de chargement initial. On peut aussi user et abuser des liens vers\u2026","rel":"","context":"Article similaire","block_context":{"text":"Article similaire","link":""},"img":{"alt_text":"","src":"","width":0,"height":0},"classes":[]},{"id":6,"url":"https:\/\/zen2050maintenant.fr\/","url_meta":{"origin":140,"position":1},"title":"Notre mission","author":"mipicard99@gmail.com","date":"12\/01\/2023","format":false,"excerpt":"Balade thermique Si vous participez \u00e0 une balade thermique, merci d'utiliser ce formulaire au moment de la visite pour visionner les images Printemps des transitions Les 16 et 17 Mai 2025, le Printemps des transitions organis\u00e9 par la ville de Sceaux, a \u00e9t\u00e9 l'occasion de belles rencontres. Z.E.N. 2050 maintenant\u2026","rel":"","context":"Article similaire","block_context":{"text":"Article similaire","link":""},"img":{"alt_text":"","src":"https:\/\/i0.wp.com\/zen2050maintenant.fr\/wp-content\/uploads\/2023\/02\/capt1.jpg?resize=350%2C200&ssl=1","width":350,"height":200,"srcset":"https:\/\/i0.wp.com\/zen2050maintenant.fr\/wp-content\/uploads\/2023\/02\/capt1.jpg?resize=350%2C200&ssl=1 1x, https:\/\/i0.wp.com\/zen2050maintenant.fr\/wp-content\/uploads\/2023\/02\/capt1.jpg?resize=525%2C300&ssl=1 1.5x"},"classes":[]},{"id":44,"url":"https:\/\/zen2050maintenant.fr\/index.php\/les-projets\/","url_meta":{"origin":140,"position":2},"title":"Nos projets (old)","author":"mipicard99@gmail.com","date":"18\/01\/2023","format":false,"excerpt":"Notre association Zen 2050 porte actuellement plusieurs projets. Les balades thermiques Un grand merci \u00e0 la R\u00e9gion Ile de France pour la subvention accord\u00e9e \u00e0 ce projet dans le budget participatif \u00e9cologique et solidaire\u00a0et \u00e0 tous les Franciliens qui ont par leur vote soutenu notre projet, le classant parmi les\u2026","rel":"","context":"Article similaire","block_context":{"text":"Article similaire","link":""},"img":{"alt_text":"","src":"https:\/\/i0.wp.com\/zen2050maintenant.fr\/wp-content\/uploads\/2023\/09\/logo-IdF.png?resize=350%2C200&ssl=1","width":350,"height":200},"classes":[]},{"id":42,"url":"https:\/\/zen2050maintenant.fr\/index.php\/lassociation\/","url_meta":{"origin":140,"position":3},"title":"Nos actions","author":"mipicard99@gmail.com","date":"18\/01\/2023","format":false,"excerpt":"Z.E.N. 2050, c'est Z\u00e9ro \u00c9missions Nettes de gaz \u00e0 effet de serre en 2050. C'est un engagement de l'ONU,\u00a0de l'Union Europ\u00e9enne, auquel la France a souscrit.Cet engagement est notamment repris par la Strat\u00e9gie Nationale Bas Carbone (SNBC), et localement\u00a0par le Plan Climat Air \u00c9nergie de nos territoires. Zen2050maintenant est une\u2026","rel":"","context":"Article similaire","block_context":{"text":"Article similaire","link":""},"img":{"alt_text":"","src":"","width":0,"height":0},"classes":[]},{"id":149,"url":"https:\/\/zen2050maintenant.fr\/index.php\/nos-projets-2\/les-partenariats-avec-lenseignement\/","url_meta":{"origin":140,"position":4},"title":"Les partenariats avec l'enseignement","author":"mipicard99@gmail.com","date":"31\/01\/2023","format":false,"excerpt":"Avec le groupe scolaire Marie-Curie, ZEN 2050 Maintenant a men\u00e9 le projet \u00ab\u00a0Ces thermies qui nous \u00e9chappent\u00a0\u00bb. Nous avons mis \u00e0 disposition de l\u2019\u00e9quipe de sciences la cam\u00e9ra infra-rouge, ce qui a permis au \u00e9l\u00e8ves de l\u2019ensemble des classes de premi\u00e8res scientifiques de travailler sur les pertes thermiques. Ce fut\u2026","rel":"","context":"Article similaire","block_context":{"text":"Article similaire","link":""},"img":{"alt_text":"","src":"https:\/\/i0.wp.com\/zen2050maintenant.fr\/wp-content\/uploads\/2023\/01\/epf.jpg?resize=350%2C200&ssl=1","width":350,"height":200,"srcset":"https:\/\/i0.wp.com\/zen2050maintenant.fr\/wp-content\/uploads\/2023\/01\/epf.jpg?resize=350%2C200&ssl=1 1x, https:\/\/i0.wp.com\/zen2050maintenant.fr\/wp-content\/uploads\/2023\/01\/epf.jpg?resize=525%2C300&ssl=1 1.5x, https:\/\/i0.wp.com\/zen2050maintenant.fr\/wp-content\/uploads\/2023\/01\/epf.jpg?resize=700%2C400&ssl=1 2x"},"classes":[]}],"_links":{"self":[{"href":"https:\/\/zen2050maintenant.fr\/index.php\/wp-json\/wp\/v2\/pages\/140"}],"collection":[{"href":"https:\/\/zen2050maintenant.fr\/index.php\/wp-json\/wp\/v2\/pages"}],"about":[{"href":"https:\/\/zen2050maintenant.fr\/index.php\/wp-json\/wp\/v2\/types\/page"}],"author":[{"embeddable":true,"href":"https:\/\/zen2050maintenant.fr\/index.php\/wp-json\/wp\/v2\/users\/1"}],"replies":[{"embeddable":true,"href":"https:\/\/zen2050maintenant.fr\/index.php\/wp-json\/wp\/v2\/comments?post=140"}],"version-history":[{"count":8,"href":"https:\/\/zen2050maintenant.fr\/index.php\/wp-json\/wp\/v2\/pages\/140\/revisions"}],"predecessor-version":[{"id":672,"href":"https:\/\/zen2050maintenant.fr\/index.php\/wp-json\/wp\/v2\/pages\/140\/revisions\/672"}],"up":[{"embeddable":true,"href":"https:\/\/zen2050maintenant.fr\/index.php\/wp-json\/wp\/v2\/pages\/688"}],"wp:attachment":[{"href":"https:\/\/zen2050maintenant.fr\/index.php\/wp-json\/wp\/v2\/media?parent=140"}],"curies":[{"name":"wp","href":"https:\/\/api.w.org\/{rel}","templated":true}]}}