{"id":165,"date":"2023-02-02T05:05:58","date_gmt":"2023-02-02T04:05:58","guid":{"rendered":"https:\/\/zen2050maintenant.fr\/index.php\/newsletter\/"},"modified":"2023-02-08T13:25:38","modified_gmt":"2023-02-08T12:25:38","slug":"newsletter","status":"publish","type":"page","link":"https:\/\/zen2050maintenant.fr\/index.php\/newsletter\/","title":{"rendered":"Newsletter"},"content":{"rendered":"\n<iframe width=\"540\" height=\"305\" src=\"https:\/\/6de52e78.sibforms.com\/serve\/MUIEAF92uizxlbVLvSECU2RSo9hEMb8MK-GCR_K2lxnoz0yP0jR-Tqxq9uLOTwZRtFXbl-ZIHkQGOOobIFINVhPQcwPghdYEOg5CY5ul6nSztUdUIw27uRBPsrNvYzl2FwbVt1sJHk54LqzegmvbC67FxHMLD782560ENFxzz4ArdOkcgO8ScUmpyIeT5ugpNTrcL88cXWNoP7N9\" frameborder=\"0\" scrolling=\"auto\" allowfullscreen style=\"display: block;margin-left: auto;margin-right: auto;max-width: 100%;\"><\/iframe>\n\n\n<p>[newsletter]<\/p>","protected":false},"excerpt":{"rendered":"<p>[newsletter]<\/p>\n","protected":false},"author":1,"featured_media":0,"parent":0,"menu_order":22,"comment_status":"closed","ping_status":"closed","template":"","meta":{"footnotes":""},"yoast_head":"<!-- This site is optimized with the Yoast SEO plugin v21.7 - https:\/\/yoast.com\/wordpress\/plugins\/seo\/ -->\n<title>Newsletter - Zen 2050<\/title>\n<meta name=\"robots\" content=\"index, follow, max-snippet:-1, max-image-preview:large, max-video-preview:-1\" \/>\n<link rel=\"canonical\" href=\"https:\/\/zen2050maintenant.fr\/index.php\/newsletter\/\" \/>\n<meta property=\"og:locale\" content=\"fr_FR\" \/>\n<meta property=\"og:type\" content=\"article\" \/>\n<meta property=\"og:title\" content=\"Newsletter - Zen 2050\" \/>\n<meta property=\"og:description\" content=\"[newsletter]\" \/>\n<meta property=\"og:url\" content=\"https:\/\/zen2050maintenant.fr\/index.php\/newsletter\/\" \/>\n<meta property=\"og:site_name\" content=\"Zen 2050\" \/>\n<meta property=\"article:modified_time\" content=\"2023-02-08T12:25:38+00:00\" \/>\n<meta name=\"twitter:card\" content=\"summary_large_image\" \/>\n<script type=\"application\/ld+json\" class=\"yoast-schema-graph\">{\"@context\":\"https:\/\/schema.org\",\"@graph\":[{\"@type\":\"WebPage\",\"@id\":\"https:\/\/zen2050maintenant.fr\/index.php\/newsletter\/\",\"url\":\"https:\/\/zen2050maintenant.fr\/index.php\/newsletter\/\",\"name\":\"Newsletter - Zen 2050\",\"isPartOf\":{\"@id\":\"https:\/\/zen2050maintenant.fr\/#website\"},\"datePublished\":\"2023-02-02T04:05:58+00:00\",\"dateModified\":\"2023-02-08T12:25:38+00:00\",\"breadcrumb\":{\"@id\":\"https:\/\/zen2050maintenant.fr\/index.php\/newsletter\/#breadcrumb\"},\"inLanguage\":\"fr-FR\",\"potentialAction\":[{\"@type\":\"ReadAction\",\"target\":[\"https:\/\/zen2050maintenant.fr\/index.php\/newsletter\/\"]}]},{\"@type\":\"BreadcrumbList\",\"@id\":\"https:\/\/zen2050maintenant.fr\/index.php\/newsletter\/#breadcrumb\",\"itemListElement\":[{\"@type\":\"ListItem\",\"position\":1,\"name\":\"Accueil\",\"item\":\"https:\/\/zen2050maintenant.fr\/\"},{\"@type\":\"ListItem\",\"position\":2,\"name\":\"Newsletter\"}]},{\"@type\":\"WebSite\",\"@id\":\"https:\/\/zen2050maintenant.fr\/#website\",\"url\":\"https:\/\/zen2050maintenant.fr\/\",\"name\":\"Zen 2050 maintenant\",\"description\":\"Des actions locales et concr\u00e8tes vres la neutrali\u00e9 carbone en 2050\",\"publisher\":{\"@id\":\"https:\/\/zen2050maintenant.fr\/#organization\"},\"potentialAction\":[{\"@type\":\"SearchAction\",\"target\":{\"@type\":\"EntryPoint\",\"urlTemplate\":\"https:\/\/zen2050maintenant.fr\/?s={search_term_string}\"},\"query-input\":\"required name=search_term_string\"}],\"inLanguage\":\"fr-FR\"},{\"@type\":\"Organization\",\"@id\":\"https:\/\/zen2050maintenant.fr\/#organization\",\"name\":\"Zen 2050 maintenant\",\"url\":\"https:\/\/zen2050maintenant.fr\/\",\"logo\":{\"@type\":\"ImageObject\",\"inLanguage\":\"fr-FR\",\"@id\":\"https:\/\/zen2050maintenant.fr\/#\/schema\/logo\/image\/\",\"url\":\"https:\/\/i0.wp.com\/zen2050maintenant.fr\/wp-content\/uploads\/2023\/02\/logo.jpg?fit=261%2C186&ssl=1\",\"contentUrl\":\"https:\/\/i0.wp.com\/zen2050maintenant.fr\/wp-content\/uploads\/2023\/02\/logo.jpg?fit=261%2C186&ssl=1\",\"width\":261,\"height\":186,\"caption\":\"Zen 2050 maintenant\"},\"image\":{\"@id\":\"https:\/\/zen2050maintenant.fr\/#\/schema\/logo\/image\/\"}}]}<\/script>\n<!-- \/ Yoast SEO plugin. -->","yoast_head_json":{"title":"Newsletter - Zen 2050","robots":{"index":"index","follow":"follow","max-snippet":"max-snippet:-1","max-image-preview":"max-image-preview:large","max-video-preview":"max-video-preview:-1"},"canonical":"https:\/\/zen2050maintenant.fr\/index.php\/newsletter\/","og_locale":"fr_FR","og_type":"article","og_title":"Newsletter - Zen 2050","og_description":"[newsletter]","og_url":"https:\/\/zen2050maintenant.fr\/index.php\/newsletter\/","og_site_name":"Zen 2050","article_modified_time":"2023-02-08T12:25:38+00:00","twitter_card":"summary_large_image","schema":{"@context":"https:\/\/schema.org","@graph":[{"@type":"WebPage","@id":"https:\/\/zen2050maintenant.fr\/index.php\/newsletter\/","url":"https:\/\/zen2050maintenant.fr\/index.php\/newsletter\/","name":"Newsletter - Zen 2050","isPartOf":{"@id":"https:\/\/zen2050maintenant.fr\/#website"},"datePublished":"2023-02-02T04:05:58+00:00","dateModified":"2023-02-08T12:25:38+00:00","breadcrumb":{"@id":"https:\/\/zen2050maintenant.fr\/index.php\/newsletter\/#breadcrumb"},"inLanguage":"fr-FR","potentialAction":[{"@type":"ReadAction","target":["https:\/\/zen2050maintenant.fr\/index.php\/newsletter\/"]}]},{"@type":"BreadcrumbList","@id":"https:\/\/zen2050maintenant.fr\/index.php\/newsletter\/#breadcrumb","itemListElement":[{"@type":"ListItem","position":1,"name":"Accueil","item":"https:\/\/zen2050maintenant.fr\/"},{"@type":"ListItem","position":2,"name":"Newsletter"}]},{"@type":"WebSite","@id":"https:\/\/zen2050maintenant.fr\/#website","url":"https:\/\/zen2050maintenant.fr\/","name":"Zen 2050 maintenant","description":"Des actions locales et concr\u00e8tes vres la neutrali\u00e9 carbone en 2050","publisher":{"@id":"https:\/\/zen2050maintenant.fr\/#organization"},"potentialAction":[{"@type":"SearchAction","target":{"@type":"EntryPoint","urlTemplate":"https:\/\/zen2050maintenant.fr\/?s={search_term_string}"},"query-input":"required name=search_term_string"}],"inLanguage":"fr-FR"},{"@type":"Organization","@id":"https:\/\/zen2050maintenant.fr\/#organization","name":"Zen 2050 maintenant","url":"https:\/\/zen2050maintenant.fr\/","logo":{"@type":"ImageObject","inLanguage":"fr-FR","@id":"https:\/\/zen2050maintenant.fr\/#\/schema\/logo\/image\/","url":"https:\/\/i0.wp.com\/zen2050maintenant.fr\/wp-content\/uploads\/2023\/02\/logo.jpg?fit=261%2C186&ssl=1","contentUrl":"https:\/\/i0.wp.com\/zen2050maintenant.fr\/wp-content\/uploads\/2023\/02\/logo.jpg?fit=261%2C186&ssl=1","width":261,"height":186,"caption":"Zen 2050 maintenant"},"image":{"@id":"https:\/\/zen2050maintenant.fr\/#\/schema\/logo\/image\/"}}]}},"jetpack_sharing_enabled":true,"jetpack-related-posts":[{"id":42,"url":"https:\/\/zen2050maintenant.fr\/index.php\/lassociation\/","url_meta":{"origin":165,"position":0},"title":"Nos actions","author":"mipicard99@gmail.com","date":"18\/01\/2023","format":false,"excerpt":"Z.E.N. 2050, c'est Z\u00e9ro \u00c9missions Nettes de gaz \u00e0 effet de serre en 2050. C'est un engagement de l'ONU,\u00a0de l'Union Europ\u00e9enne, auquel la France a souscrit.Cet engagement est notamment repris par la Strat\u00e9gie Nationale Bas Carbone (SNBC), et localement\u00a0par le Plan Climat Air \u00c9nergie de nos territoires. Zen2050maintenant est une\u2026","rel":"","context":"Article similaire","block_context":{"text":"Article similaire","link":""},"img":{"alt_text":"","src":"","width":0,"height":0},"classes":[]}],"_links":{"self":[{"href":"https:\/\/zen2050maintenant.fr\/index.php\/wp-json\/wp\/v2\/pages\/165"}],"collection":[{"href":"https:\/\/zen2050maintenant.fr\/index.php\/wp-json\/wp\/v2\/pages"}],"about":[{"href":"https:\/\/zen2050maintenant.fr\/index.php\/wp-json\/wp\/v2\/types\/page"}],"author":[{"embeddable":true,"href":"https:\/\/zen2050maintenant.fr\/index.php\/wp-json\/wp\/v2\/users\/1"}],"replies":[{"embeddable":true,"href":"https:\/\/zen2050maintenant.fr\/index.php\/wp-json\/wp\/v2\/comments?post=165"}],"version-history":[{"count":1,"href":"https:\/\/zen2050maintenant.fr\/index.php\/wp-json\/wp\/v2\/pages\/165\/revisions"}],"predecessor-version":[{"id":166,"href":"https:\/\/zen2050maintenant.fr\/index.php\/wp-json\/wp\/v2\/pages\/165\/revisions\/166"}],"wp:attachment":[{"href":"https:\/\/zen2050maintenant.fr\/index.php\/wp-json\/wp\/v2\/media?parent=165"}],"curies":[{"name":"wp","href":"https:\/\/api.w.org\/{rel}","templated":true}]}}