{"id":170,"date":"2023-02-02T08:23:58","date_gmt":"2023-02-02T07:23:58","guid":{"rendered":"https:\/\/zen2050maintenant.fr\/?page_id=170"},"modified":"2025-11-04T16:13:36","modified_gmt":"2025-11-04T15:13:36","slug":"le-projet-de-geothermie-vallee-sud","status":"publish","type":"page","link":"https:\/\/zen2050maintenant.fr\/index.php\/nos-projets-2\/le-projet-de-geothermie-vallee-sud\/","title":{"rendered":"Un projet de g\u00e9othermie sur trois communes du territoire Vall\u00e9e Sud Grand Paris"},"content":{"rendered":"\n<div class=\"wp-block-media-text alignwide has-media-on-the-right is-stacked-on-mobile\" style=\"grid-template-columns:auto 38%\"><div class=\"wp-block-media-text__content\">\n<p>\"De l\u2019eau chaude sous nos pieds\u2026\"<\/p>\n\n\n\n<p>Sous l\u2019\u00cele de France,<br>LE DOGGER,<br>Une couche de craie satur\u00e9e<br>EN EAU CHAUDE<\/p>\n\n\n\n<p>Il suffit de creuser \u00e0 1800 m !<\/p>\n<\/div><figure class=\"wp-block-media-text__media\"><img decoding=\"async\" width=\"1000\" height=\"645\" src=\"https:\/\/i0.wp.com\/zen2050maintenant.fr\/http:\/\/zen2050maintenant.fr\/http:\/\/zen2050maintenant.fr\/wp-content\/uploads\/2023\/02\/geothermeie1.jpg?resize=1000%2C645&#038;ssl=1\" alt=\"\" class=\"wp-image-171 size-full\" srcset=\"https:\/\/i0.wp.com\/zen2050maintenant.fr\/wp-content\/uploads\/2023\/02\/geothermeie1.jpg?w=1000&amp;ssl=1 1000w, https:\/\/i0.wp.com\/zen2050maintenant.fr\/wp-content\/uploads\/2023\/02\/geothermeie1.jpg?resize=300%2C194&amp;ssl=1 300w, https:\/\/i0.wp.com\/zen2050maintenant.fr\/wp-content\/uploads\/2023\/02\/geothermeie1.jpg?resize=768%2C495&amp;ssl=1 768w, https:\/\/i0.wp.com\/zen2050maintenant.fr\/wp-content\/uploads\/2023\/02\/geothermeie1.jpg?resize=600%2C387&amp;ssl=1 600w\" sizes=\"(max-width: 1000px) 100vw, 1000px\" data-recalc-dims=\"1\" \/><\/figure><\/div>\n\n\n\n<figure class=\"wp-block-image aligncenter size-large\"><img decoding=\"async\" width=\"1024\" height=\"279\" src=\"https:\/\/i0.wp.com\/zen2050maintenant.fr\/wp-content\/uploads\/2023\/02\/geothermeie2.jpg?resize=1024%2C279&#038;ssl=1\" alt=\"\" class=\"wp-image-172\" srcset=\"https:\/\/i0.wp.com\/zen2050maintenant.fr\/wp-content\/uploads\/2023\/02\/geothermeie2.jpg?resize=1024%2C279&amp;ssl=1 1024w, https:\/\/i0.wp.com\/zen2050maintenant.fr\/wp-content\/uploads\/2023\/02\/geothermeie2.jpg?resize=300%2C82&amp;ssl=1 300w, https:\/\/i0.wp.com\/zen2050maintenant.fr\/wp-content\/uploads\/2023\/02\/geothermeie2.jpg?resize=768%2C209&amp;ssl=1 768w, https:\/\/i0.wp.com\/zen2050maintenant.fr\/wp-content\/uploads\/2023\/02\/geothermeie2.jpg?resize=600%2C163&amp;ssl=1 600w, https:\/\/i0.wp.com\/zen2050maintenant.fr\/wp-content\/uploads\/2023\/02\/geothermeie2.jpg?w=1183&amp;ssl=1 1183w\" sizes=\"(max-width: 1024px) 100vw, 1024px\" data-recalc-dims=\"1\" \/><\/figure>\n\n\n\n<p><\/p>\n\n\n\n<p>L\u2019association Z.E.N. 2050 Maintenant a \u00e9t\u00e9 force de conviction en pour que soit relanc\u00e9es les pr\u00e9-\u00e9tudes n\u00e9cessaires \u00e0 un projet de g\u00e9othermie sur les communes de Fontenay-aux-Roses, Sceaux et Bourg -la-Reine, et pour que soient prises les d\u00e9cisions requises. Elle a aussi contribu\u00e9 \u00e0 l\u2019information des habitants de ces communes par la tenue de conf\u00e9rences d\u2019information.<\/p>\n\n\n\n<p>Ce projet est maintenant bien engag\u00e9&nbsp;!<\/p>\n\n\n\n<p><a href=\"https:\/\/www.mrae.developpement-durable.gouv.fr\/IMG\/pdf\/2024-02-14_fontenay-aux-roses_92_geothermie_avis_delibere.pdf\">https:\/\/www.mrae.developpement-durable.gouv.fr\/IMG\/pdf\/2024-02-14_fontenay-aux-roses_92_geothermie_avis_delibere.pdf<\/a><\/p>\n\n\n\n<p><a href=\"https:\/\/www.sipperec.fr\/fileadmin\/user_upload\/Sipperec_Communiqu%C3%A9_de_presse_Nouveau_r%C3%A9seau_de_chaleur_G%C3%A9oSud92.pdf\">https:\/\/www.sipperec.fr\/fileadmin\/user_upload\/Sipperec_Communiqu%C3%A9_de_presse_Nouveau_r%C3%A9seau_de_chaleur_G%C3%A9oSud92.pdf<\/a><\/p>\n\n\n\n<p><a href=\"https:\/\/\/www.fontenay-aux-roses.fr\/cadre-de-vie\/travaux-grands-projets\/grands-projets-a-venir\/\">https:\/\/\/www.fontenay-aux-roses.fr\/cadre-de-vie\/travaux-grands-projets\/grands-projets-a-venir\/<\/a><\/p>\n\n\n\n<p><a href=\"https:\/\/www.sceaux.fr\/en-route-pour-la-geothermie\">https:\/\/www.sceaux.fr\/en-route-pour-la-geothermie<\/a><\/p>\n","protected":false},"excerpt":{"rendered":"<p>\"De l\u2019eau chaude sous nos pieds\u2026\" Sous l\u2019\u00cele de France,LE DOGGER,Une couche de craie satur\u00e9eEN EAU CHAUDE Il suffit de creuser \u00e0 1800 m ! L\u2019association Z.E.N. 2050 Maintenant a \u00e9t\u00e9 force de conviction en pour que soit relanc\u00e9es les pr\u00e9-\u00e9tudes n\u00e9cessaires \u00e0 un projet de g\u00e9othermie sur les communes de Fontenay-aux-Roses, Sceaux et Bourg [&hellip;]<\/p>\n","protected":false},"author":1,"featured_media":0,"parent":688,"menu_order":3,"comment_status":"closed","ping_status":"closed","template":"","meta":{"footnotes":""},"yoast_head":"<!-- This site is optimized with the Yoast SEO plugin v21.7 - https:\/\/yoast.com\/wordpress\/plugins\/seo\/ -->\n<title>Un projet de g\u00e9othermie sur trois communes du territoire Vall\u00e9e Sud Grand Paris - Zen 2050<\/title>\n<meta name=\"robots\" content=\"index, follow, max-snippet:-1, max-image-preview:large, max-video-preview:-1\" \/>\n<link rel=\"canonical\" href=\"https:\/\/zen2050maintenant.fr\/index.php\/nos-projets-2\/le-projet-de-geothermie-vallee-sud\/\" \/>\n<meta property=\"og:locale\" content=\"fr_FR\" \/>\n<meta property=\"og:type\" content=\"article\" \/>\n<meta property=\"og:title\" content=\"Un projet de g\u00e9othermie sur trois communes du territoire Vall\u00e9e Sud Grand Paris - Zen 2050\" \/>\n<meta property=\"og:description\" content=\"&quot;De l\u2019eau chaude sous nos pieds\u2026&quot; Sous l\u2019\u00cele de France,LE DOGGER,Une couche de craie satur\u00e9eEN EAU CHAUDE Il suffit de creuser \u00e0 1800 m ! L\u2019association Z.E.N. 2050 Maintenant a \u00e9t\u00e9 force de conviction en pour que soit relanc\u00e9es les pr\u00e9-\u00e9tudes n\u00e9cessaires \u00e0 un projet de g\u00e9othermie sur les communes de Fontenay-aux-Roses, Sceaux et Bourg [&hellip;]\" \/>\n<meta property=\"og:url\" content=\"https:\/\/zen2050maintenant.fr\/index.php\/nos-projets-2\/le-projet-de-geothermie-vallee-sud\/\" \/>\n<meta property=\"og:site_name\" content=\"Zen 2050\" \/>\n<meta property=\"article:modified_time\" content=\"2025-11-04T15:13:36+00:00\" \/>\n<meta property=\"og:image\" content=\"https:\/\/zen2050maintenant.fr\/http:\/\/zen2050maintenant.fr\/http:\/\/zen2050maintenant.fr\/wp-content\/uploads\/2023\/02\/geothermeie1.jpg\" \/>\n<meta name=\"twitter:card\" content=\"summary_large_image\" \/>\n<meta name=\"twitter:label1\" content=\"Dur\u00e9e de lecture estim\u00e9e\" \/>\n\t<meta name=\"twitter:data1\" content=\"1 minute\" \/>\n<script type=\"application\/ld+json\" class=\"yoast-schema-graph\">{\"@context\":\"https:\/\/schema.org\",\"@graph\":[{\"@type\":\"WebPage\",\"@id\":\"https:\/\/zen2050maintenant.fr\/index.php\/nos-projets-2\/le-projet-de-geothermie-vallee-sud\/\",\"url\":\"https:\/\/zen2050maintenant.fr\/index.php\/nos-projets-2\/le-projet-de-geothermie-vallee-sud\/\",\"name\":\"Un projet de g\u00e9othermie sur trois communes du territoire Vall\u00e9e Sud Grand Paris - Zen 2050\",\"isPartOf\":{\"@id\":\"https:\/\/zen2050maintenant.fr\/#website\"},\"datePublished\":\"2023-02-02T07:23:58+00:00\",\"dateModified\":\"2025-11-04T15:13:36+00:00\",\"breadcrumb\":{\"@id\":\"https:\/\/zen2050maintenant.fr\/index.php\/nos-projets-2\/le-projet-de-geothermie-vallee-sud\/#breadcrumb\"},\"inLanguage\":\"fr-FR\",\"potentialAction\":[{\"@type\":\"ReadAction\",\"target\":[\"https:\/\/zen2050maintenant.fr\/index.php\/nos-projets-2\/le-projet-de-geothermie-vallee-sud\/\"]}]},{\"@type\":\"BreadcrumbList\",\"@id\":\"https:\/\/zen2050maintenant.fr\/index.php\/nos-projets-2\/le-projet-de-geothermie-vallee-sud\/#breadcrumb\",\"itemListElement\":[{\"@type\":\"ListItem\",\"position\":1,\"name\":\"Accueil\",\"item\":\"https:\/\/zen2050maintenant.fr\/\"},{\"@type\":\"ListItem\",\"position\":2,\"name\":\"Nos projets\",\"item\":\"https:\/\/zen2050maintenant.fr\/index.php\/nos-projets-2\/\"},{\"@type\":\"ListItem\",\"position\":3,\"name\":\"Un projet de g\u00e9othermie sur trois communes du territoire Vall\u00e9e Sud Grand Paris\"}]},{\"@type\":\"WebSite\",\"@id\":\"https:\/\/zen2050maintenant.fr\/#website\",\"url\":\"https:\/\/zen2050maintenant.fr\/\",\"name\":\"Zen 2050 maintenant\",\"description\":\"Des actions locales et concr\u00e8tes vres la neutrali\u00e9 carbone en 2050\",\"publisher\":{\"@id\":\"https:\/\/zen2050maintenant.fr\/#organization\"},\"potentialAction\":[{\"@type\":\"SearchAction\",\"target\":{\"@type\":\"EntryPoint\",\"urlTemplate\":\"https:\/\/zen2050maintenant.fr\/?s={search_term_string}\"},\"query-input\":\"required name=search_term_string\"}],\"inLanguage\":\"fr-FR\"},{\"@type\":\"Organization\",\"@id\":\"https:\/\/zen2050maintenant.fr\/#organization\",\"name\":\"Zen 2050 maintenant\",\"url\":\"https:\/\/zen2050maintenant.fr\/\",\"logo\":{\"@type\":\"ImageObject\",\"inLanguage\":\"fr-FR\",\"@id\":\"https:\/\/zen2050maintenant.fr\/#\/schema\/logo\/image\/\",\"url\":\"https:\/\/i0.wp.com\/zen2050maintenant.fr\/wp-content\/uploads\/2023\/02\/logo.jpg?fit=261%2C186&ssl=1\",\"contentUrl\":\"https:\/\/i0.wp.com\/zen2050maintenant.fr\/wp-content\/uploads\/2023\/02\/logo.jpg?fit=261%2C186&ssl=1\",\"width\":261,\"height\":186,\"caption\":\"Zen 2050 maintenant\"},\"image\":{\"@id\":\"https:\/\/zen2050maintenant.fr\/#\/schema\/logo\/image\/\"}}]}<\/script>\n<!-- \/ Yoast SEO plugin. -->","yoast_head_json":{"title":"Un projet de g\u00e9othermie sur trois communes du territoire Vall\u00e9e Sud Grand Paris - Zen 2050","robots":{"index":"index","follow":"follow","max-snippet":"max-snippet:-1","max-image-preview":"max-image-preview:large","max-video-preview":"max-video-preview:-1"},"canonical":"https:\/\/zen2050maintenant.fr\/index.php\/nos-projets-2\/le-projet-de-geothermie-vallee-sud\/","og_locale":"fr_FR","og_type":"article","og_title":"Un projet de g\u00e9othermie sur trois communes du territoire Vall\u00e9e Sud Grand Paris - Zen 2050","og_description":"\"De l\u2019eau chaude sous nos pieds\u2026\" Sous l\u2019\u00cele de France,LE DOGGER,Une couche de craie satur\u00e9eEN EAU CHAUDE Il suffit de creuser \u00e0 1800 m ! L\u2019association Z.E.N. 2050 Maintenant a \u00e9t\u00e9 force de conviction en pour que soit relanc\u00e9es les pr\u00e9-\u00e9tudes n\u00e9cessaires \u00e0 un projet de g\u00e9othermie sur les communes de Fontenay-aux-Roses, Sceaux et Bourg [&hellip;]","og_url":"https:\/\/zen2050maintenant.fr\/index.php\/nos-projets-2\/le-projet-de-geothermie-vallee-sud\/","og_site_name":"Zen 2050","article_modified_time":"2025-11-04T15:13:36+00:00","og_image":[{"url":"https:\/\/zen2050maintenant.fr\/http:\/\/zen2050maintenant.fr\/http:\/\/zen2050maintenant.fr\/wp-content\/uploads\/2023\/02\/geothermeie1.jpg"}],"twitter_card":"summary_large_image","twitter_misc":{"Dur\u00e9e de lecture estim\u00e9e":"1 minute"},"schema":{"@context":"https:\/\/schema.org","@graph":[{"@type":"WebPage","@id":"https:\/\/zen2050maintenant.fr\/index.php\/nos-projets-2\/le-projet-de-geothermie-vallee-sud\/","url":"https:\/\/zen2050maintenant.fr\/index.php\/nos-projets-2\/le-projet-de-geothermie-vallee-sud\/","name":"Un projet de g\u00e9othermie sur trois communes du territoire Vall\u00e9e Sud Grand Paris - Zen 2050","isPartOf":{"@id":"https:\/\/zen2050maintenant.fr\/#website"},"datePublished":"2023-02-02T07:23:58+00:00","dateModified":"2025-11-04T15:13:36+00:00","breadcrumb":{"@id":"https:\/\/zen2050maintenant.fr\/index.php\/nos-projets-2\/le-projet-de-geothermie-vallee-sud\/#breadcrumb"},"inLanguage":"fr-FR","potentialAction":[{"@type":"ReadAction","target":["https:\/\/zen2050maintenant.fr\/index.php\/nos-projets-2\/le-projet-de-geothermie-vallee-sud\/"]}]},{"@type":"BreadcrumbList","@id":"https:\/\/zen2050maintenant.fr\/index.php\/nos-projets-2\/le-projet-de-geothermie-vallee-sud\/#breadcrumb","itemListElement":[{"@type":"ListItem","position":1,"name":"Accueil","item":"https:\/\/zen2050maintenant.fr\/"},{"@type":"ListItem","position":2,"name":"Nos projets","item":"https:\/\/zen2050maintenant.fr\/index.php\/nos-projets-2\/"},{"@type":"ListItem","position":3,"name":"Un projet de g\u00e9othermie sur trois communes du territoire Vall\u00e9e Sud Grand Paris"}]},{"@type":"WebSite","@id":"https:\/\/zen2050maintenant.fr\/#website","url":"https:\/\/zen2050maintenant.fr\/","name":"Zen 2050 maintenant","description":"Des actions locales et concr\u00e8tes vres la neutrali\u00e9 carbone en 2050","publisher":{"@id":"https:\/\/zen2050maintenant.fr\/#organization"},"potentialAction":[{"@type":"SearchAction","target":{"@type":"EntryPoint","urlTemplate":"https:\/\/zen2050maintenant.fr\/?s={search_term_string}"},"query-input":"required name=search_term_string"}],"inLanguage":"fr-FR"},{"@type":"Organization","@id":"https:\/\/zen2050maintenant.fr\/#organization","name":"Zen 2050 maintenant","url":"https:\/\/zen2050maintenant.fr\/","logo":{"@type":"ImageObject","inLanguage":"fr-FR","@id":"https:\/\/zen2050maintenant.fr\/#\/schema\/logo\/image\/","url":"https:\/\/i0.wp.com\/zen2050maintenant.fr\/wp-content\/uploads\/2023\/02\/logo.jpg?fit=261%2C186&ssl=1","contentUrl":"https:\/\/i0.wp.com\/zen2050maintenant.fr\/wp-content\/uploads\/2023\/02\/logo.jpg?fit=261%2C186&ssl=1","width":261,"height":186,"caption":"Zen 2050 maintenant"},"image":{"@id":"https:\/\/zen2050maintenant.fr\/#\/schema\/logo\/image\/"}}]}},"jetpack_sharing_enabled":true,"jetpack-related-posts":[{"id":435,"url":"https:\/\/zen2050maintenant.fr\/index.php\/menstions-legales\/","url_meta":{"origin":170,"position":0},"title":"Mentions l\u00e9gales","author":"mipicard99@gmail.com","date":"15\/03\/2023","format":false,"excerpt":"\u00c9dition du site Internet Le site Zen 2050 Maintenant (ci-apr\u00e8s \u00ab le Site \u00bb), accessible \u00e0 l\u2019adresse https:\/\/zen2050maintenant.org est\u00e9dit\u00e9 par l\u2019association du m\u00eame nom, Association r\u00e9gie par la Loi du 1er juillet 1901,dont le si\u00e8ge social est situ\u00e9 <adresse>SIRET <?> R\u00e9daction du site Internet Directeur de la publication : pr\u00e9sident\u2026","rel":"","context":"Article similaire","block_context":{"text":"Article similaire","link":""},"img":{"alt_text":"","src":"","width":0,"height":0},"classes":[]}],"_links":{"self":[{"href":"https:\/\/zen2050maintenant.fr\/index.php\/wp-json\/wp\/v2\/pages\/170"}],"collection":[{"href":"https:\/\/zen2050maintenant.fr\/index.php\/wp-json\/wp\/v2\/pages"}],"about":[{"href":"https:\/\/zen2050maintenant.fr\/index.php\/wp-json\/wp\/v2\/types\/page"}],"author":[{"embeddable":true,"href":"https:\/\/zen2050maintenant.fr\/index.php\/wp-json\/wp\/v2\/users\/1"}],"replies":[{"embeddable":true,"href":"https:\/\/zen2050maintenant.fr\/index.php\/wp-json\/wp\/v2\/comments?post=170"}],"version-history":[{"count":8,"href":"https:\/\/zen2050maintenant.fr\/index.php\/wp-json\/wp\/v2\/pages\/170\/revisions"}],"predecessor-version":[{"id":676,"href":"https:\/\/zen2050maintenant.fr\/index.php\/wp-json\/wp\/v2\/pages\/170\/revisions\/676"}],"up":[{"embeddable":true,"href":"https:\/\/zen2050maintenant.fr\/index.php\/wp-json\/wp\/v2\/pages\/688"}],"wp:attachment":[{"href":"https:\/\/zen2050maintenant.fr\/index.php\/wp-json\/wp\/v2\/media?parent=170"}],"curies":[{"name":"wp","href":"https:\/\/api.w.org\/{rel}","templated":true}]}}