{"id":196,"date":"2023-02-06T22:27:52","date_gmt":"2023-02-06T21:27:52","guid":{"rendered":"https:\/\/zen2050maintenant.fr\/?page_id=196"},"modified":"2023-02-06T22:27:54","modified_gmt":"2023-02-06T21:27:54","slug":"la-journee-du-14-mai","status":"publish","type":"page","link":"https:\/\/zen2050maintenant.fr\/index.php\/evenements\/la-journee-du-14-mai\/","title":{"rendered":"La journ\u00e9e du 14 mai"},"content":{"rendered":"","protected":false},"excerpt":{"rendered":"","protected":false},"author":1,"featured_media":0,"parent":93,"menu_order":1,"comment_status":"closed","ping_status":"closed","template":"","meta":{"footnotes":""},"yoast_head":"<!-- This site is optimized with the Yoast SEO plugin v21.7 - https:\/\/yoast.com\/wordpress\/plugins\/seo\/ -->\n<title>La journ\u00e9e du 14 mai - Zen 2050<\/title>\n<meta name=\"robots\" content=\"index, follow, max-snippet:-1, max-image-preview:large, max-video-preview:-1\" \/>\n<link rel=\"canonical\" href=\"https:\/\/zen2050maintenant.fr\/index.php\/evenements\/la-journee-du-14-mai\/\" \/>\n<meta property=\"og:locale\" content=\"fr_FR\" \/>\n<meta property=\"og:type\" content=\"article\" \/>\n<meta property=\"og:title\" content=\"La journ\u00e9e du 14 mai - Zen 2050\" \/>\n<meta property=\"og:url\" content=\"https:\/\/zen2050maintenant.fr\/index.php\/evenements\/la-journee-du-14-mai\/\" \/>\n<meta property=\"og:site_name\" content=\"Zen 2050\" \/>\n<meta property=\"article:modified_time\" content=\"2023-02-06T21:27:54+00:00\" \/>\n<meta name=\"twitter:card\" content=\"summary_large_image\" \/>\n<script type=\"application\/ld+json\" class=\"yoast-schema-graph\">{\"@context\":\"https:\/\/schema.org\",\"@graph\":[{\"@type\":\"WebPage\",\"@id\":\"https:\/\/zen2050maintenant.fr\/index.php\/evenements\/la-journee-du-14-mai\/\",\"url\":\"https:\/\/zen2050maintenant.fr\/index.php\/evenements\/la-journee-du-14-mai\/\",\"name\":\"La journ\u00e9e du 14 mai - Zen 2050\",\"isPartOf\":{\"@id\":\"https:\/\/zen2050maintenant.fr\/#website\"},\"datePublished\":\"2023-02-06T21:27:52+00:00\",\"dateModified\":\"2023-02-06T21:27:54+00:00\",\"breadcrumb\":{\"@id\":\"https:\/\/zen2050maintenant.fr\/index.php\/evenements\/la-journee-du-14-mai\/#breadcrumb\"},\"inLanguage\":\"fr-FR\",\"potentialAction\":[{\"@type\":\"ReadAction\",\"target\":[\"https:\/\/zen2050maintenant.fr\/index.php\/evenements\/la-journee-du-14-mai\/\"]}]},{\"@type\":\"BreadcrumbList\",\"@id\":\"https:\/\/zen2050maintenant.fr\/index.php\/evenements\/la-journee-du-14-mai\/#breadcrumb\",\"itemListElement\":[{\"@type\":\"ListItem\",\"position\":1,\"name\":\"Accueil\",\"item\":\"https:\/\/zen2050maintenant.fr\/\"},{\"@type\":\"ListItem\",\"position\":2,\"name\":\"Essais\",\"item\":\"https:\/\/zen2050maintenant.fr\/?page_id=93\"},{\"@type\":\"ListItem\",\"position\":3,\"name\":\"La journ\u00e9e du 14 mai\"}]},{\"@type\":\"WebSite\",\"@id\":\"https:\/\/zen2050maintenant.fr\/#website\",\"url\":\"https:\/\/zen2050maintenant.fr\/\",\"name\":\"Zen 2050 maintenant\",\"description\":\"Des actions locales et concr\u00e8tes vres la neutrali\u00e9 carbone en 2050\",\"publisher\":{\"@id\":\"https:\/\/zen2050maintenant.fr\/#organization\"},\"potentialAction\":[{\"@type\":\"SearchAction\",\"target\":{\"@type\":\"EntryPoint\",\"urlTemplate\":\"https:\/\/zen2050maintenant.fr\/?s={search_term_string}\"},\"query-input\":\"required name=search_term_string\"}],\"inLanguage\":\"fr-FR\"},{\"@type\":\"Organization\",\"@id\":\"https:\/\/zen2050maintenant.fr\/#organization\",\"name\":\"Zen 2050 maintenant\",\"url\":\"https:\/\/zen2050maintenant.fr\/\",\"logo\":{\"@type\":\"ImageObject\",\"inLanguage\":\"fr-FR\",\"@id\":\"https:\/\/zen2050maintenant.fr\/#\/schema\/logo\/image\/\",\"url\":\"https:\/\/i0.wp.com\/zen2050maintenant.fr\/wp-content\/uploads\/2023\/02\/logo.jpg?fit=261%2C186&ssl=1\",\"contentUrl\":\"https:\/\/i0.wp.com\/zen2050maintenant.fr\/wp-content\/uploads\/2023\/02\/logo.jpg?fit=261%2C186&ssl=1\",\"width\":261,\"height\":186,\"caption\":\"Zen 2050 maintenant\"},\"image\":{\"@id\":\"https:\/\/zen2050maintenant.fr\/#\/schema\/logo\/image\/\"}}]}<\/script>\n<!-- \/ Yoast SEO plugin. -->","yoast_head_json":{"title":"La journ\u00e9e du 14 mai - Zen 2050","robots":{"index":"index","follow":"follow","max-snippet":"max-snippet:-1","max-image-preview":"max-image-preview:large","max-video-preview":"max-video-preview:-1"},"canonical":"https:\/\/zen2050maintenant.fr\/index.php\/evenements\/la-journee-du-14-mai\/","og_locale":"fr_FR","og_type":"article","og_title":"La journ\u00e9e du 14 mai - Zen 2050","og_url":"https:\/\/zen2050maintenant.fr\/index.php\/evenements\/la-journee-du-14-mai\/","og_site_name":"Zen 2050","article_modified_time":"2023-02-06T21:27:54+00:00","twitter_card":"summary_large_image","schema":{"@context":"https:\/\/schema.org","@graph":[{"@type":"WebPage","@id":"https:\/\/zen2050maintenant.fr\/index.php\/evenements\/la-journee-du-14-mai\/","url":"https:\/\/zen2050maintenant.fr\/index.php\/evenements\/la-journee-du-14-mai\/","name":"La journ\u00e9e du 14 mai - Zen 2050","isPartOf":{"@id":"https:\/\/zen2050maintenant.fr\/#website"},"datePublished":"2023-02-06T21:27:52+00:00","dateModified":"2023-02-06T21:27:54+00:00","breadcrumb":{"@id":"https:\/\/zen2050maintenant.fr\/index.php\/evenements\/la-journee-du-14-mai\/#breadcrumb"},"inLanguage":"fr-FR","potentialAction":[{"@type":"ReadAction","target":["https:\/\/zen2050maintenant.fr\/index.php\/evenements\/la-journee-du-14-mai\/"]}]},{"@type":"BreadcrumbList","@id":"https:\/\/zen2050maintenant.fr\/index.php\/evenements\/la-journee-du-14-mai\/#breadcrumb","itemListElement":[{"@type":"ListItem","position":1,"name":"Accueil","item":"https:\/\/zen2050maintenant.fr\/"},{"@type":"ListItem","position":2,"name":"Essais","item":"https:\/\/zen2050maintenant.fr\/?page_id=93"},{"@type":"ListItem","position":3,"name":"La journ\u00e9e du 14 mai"}]},{"@type":"WebSite","@id":"https:\/\/zen2050maintenant.fr\/#website","url":"https:\/\/zen2050maintenant.fr\/","name":"Zen 2050 maintenant","description":"Des actions locales et concr\u00e8tes vres la neutrali\u00e9 carbone en 2050","publisher":{"@id":"https:\/\/zen2050maintenant.fr\/#organization"},"potentialAction":[{"@type":"SearchAction","target":{"@type":"EntryPoint","urlTemplate":"https:\/\/zen2050maintenant.fr\/?s={search_term_string}"},"query-input":"required name=search_term_string"}],"inLanguage":"fr-FR"},{"@type":"Organization","@id":"https:\/\/zen2050maintenant.fr\/#organization","name":"Zen 2050 maintenant","url":"https:\/\/zen2050maintenant.fr\/","logo":{"@type":"ImageObject","inLanguage":"fr-FR","@id":"https:\/\/zen2050maintenant.fr\/#\/schema\/logo\/image\/","url":"https:\/\/i0.wp.com\/zen2050maintenant.fr\/wp-content\/uploads\/2023\/02\/logo.jpg?fit=261%2C186&ssl=1","contentUrl":"https:\/\/i0.wp.com\/zen2050maintenant.fr\/wp-content\/uploads\/2023\/02\/logo.jpg?fit=261%2C186&ssl=1","width":261,"height":186,"caption":"Zen 2050 maintenant"},"image":{"@id":"https:\/\/zen2050maintenant.fr\/#\/schema\/logo\/image\/"}}]}},"jetpack_sharing_enabled":true,"jetpack-related-posts":[{"id":574,"url":"https:\/\/zen2050maintenant.fr\/index.php\/nos-projets-2\/blog\/la-journee-du-13-mai\/animateurs\/","url_meta":{"origin":196,"position":0},"title":"Animateurs","author":"mipicard99@gmail.com","date":"03\/04\/2023","format":false,"excerpt":"","rel":"","context":"Article similaire","block_context":{"text":"Article similaire","link":""},"img":{"alt_text":"","src":"","width":0,"height":0},"classes":[]},{"id":247,"url":"https:\/\/zen2050maintenant.fr\/index.php\/nos-projets-2\/blog\/la-journee-du-13-mai\/","url_meta":{"origin":196,"position":1},"title":"La journ\u00e9e du 13 Mai","author":"mipicard99@gmail.com","date":"14\/02\/2023","format":false,"excerpt":"Toute la journ\u00e9e \u00e0 Sceaux, rencontrez les associations, assistez \u00e0 des conf\u00e9rences, \u00e9changez. Et une bonne occasion de participer \u00e0 des ateliers ludiques. Si vous proposez d'\u00eatre animateur, merci de cliquer ici Choisissez votre atelier Su vous acceptez de vous inscrire, vous devez bien s\u00fbr donner un email et optionnellement\u2026","rel":"","context":"Article similaire","block_context":{"text":"Article similaire","link":""},"img":{"alt_text":"","src":"","width":0,"height":0},"classes":[]},{"id":44,"url":"https:\/\/zen2050maintenant.fr\/index.php\/les-projets\/","url_meta":{"origin":196,"position":2},"title":"Nos projets (old)","author":"mipicard99@gmail.com","date":"18\/01\/2023","format":false,"excerpt":"Notre association Zen 2050 porte actuellement plusieurs projets. Les balades thermiques Un grand merci \u00e0 la R\u00e9gion Ile de France pour la subvention accord\u00e9e \u00e0 ce projet dans le budget participatif \u00e9cologique et solidaire\u00a0et \u00e0 tous les Franciliens qui ont par leur vote soutenu notre projet, le classant parmi les\u2026","rel":"","context":"Article similaire","block_context":{"text":"Article similaire","link":""},"img":{"alt_text":"","src":"https:\/\/i0.wp.com\/zen2050maintenant.fr\/wp-content\/uploads\/2023\/09\/logo-IdF.png?resize=350%2C200&ssl=1","width":350,"height":200},"classes":[]},{"id":6,"url":"https:\/\/zen2050maintenant.fr\/","url_meta":{"origin":196,"position":3},"title":"Notre mission","author":"mipicard99@gmail.com","date":"12\/01\/2023","format":false,"excerpt":"Balade thermique Si vous participez \u00e0 une balade thermique, merci d'utiliser ce formulaire au moment de la visite pour visionner les images Printemps des transitions Les 16 et 17 Mai 2025, le Printemps des transitions organis\u00e9 par la ville de Sceaux, a \u00e9t\u00e9 l'occasion de belles rencontres. Z.E.N. 2050 maintenant\u2026","rel":"","context":"Article similaire","block_context":{"text":"Article similaire","link":""},"img":{"alt_text":"","src":"https:\/\/i0.wp.com\/zen2050maintenant.fr\/wp-content\/uploads\/2023\/02\/capt1.jpg?resize=350%2C200&ssl=1","width":350,"height":200,"srcset":"https:\/\/i0.wp.com\/zen2050maintenant.fr\/wp-content\/uploads\/2023\/02\/capt1.jpg?resize=350%2C200&ssl=1 1x, https:\/\/i0.wp.com\/zen2050maintenant.fr\/wp-content\/uploads\/2023\/02\/capt1.jpg?resize=525%2C300&ssl=1 1.5x"},"classes":[]},{"id":149,"url":"https:\/\/zen2050maintenant.fr\/index.php\/nos-projets-2\/les-partenariats-avec-lenseignement\/","url_meta":{"origin":196,"position":4},"title":"Les partenariats avec l'enseignement","author":"mipicard99@gmail.com","date":"31\/01\/2023","format":false,"excerpt":"Avec le groupe scolaire Marie-Curie, ZEN 2050 Maintenant a men\u00e9 le projet \u00ab\u00a0Ces thermies qui nous \u00e9chappent\u00a0\u00bb. Nous avons mis \u00e0 disposition de l\u2019\u00e9quipe de sciences la cam\u00e9ra infra-rouge, ce qui a permis au \u00e9l\u00e8ves de l\u2019ensemble des classes de premi\u00e8res scientifiques de travailler sur les pertes thermiques. Ce fut\u2026","rel":"","context":"Article similaire","block_context":{"text":"Article similaire","link":""},"img":{"alt_text":"","src":"https:\/\/i0.wp.com\/zen2050maintenant.fr\/wp-content\/uploads\/2023\/01\/epf.jpg?resize=350%2C200&ssl=1","width":350,"height":200,"srcset":"https:\/\/i0.wp.com\/zen2050maintenant.fr\/wp-content\/uploads\/2023\/01\/epf.jpg?resize=350%2C200&ssl=1 1x, https:\/\/i0.wp.com\/zen2050maintenant.fr\/wp-content\/uploads\/2023\/01\/epf.jpg?resize=525%2C300&ssl=1 1.5x, https:\/\/i0.wp.com\/zen2050maintenant.fr\/wp-content\/uploads\/2023\/01\/epf.jpg?resize=700%2C400&ssl=1 2x"},"classes":[]}],"_links":{"self":[{"href":"https:\/\/zen2050maintenant.fr\/index.php\/wp-json\/wp\/v2\/pages\/196"}],"collection":[{"href":"https:\/\/zen2050maintenant.fr\/index.php\/wp-json\/wp\/v2\/pages"}],"about":[{"href":"https:\/\/zen2050maintenant.fr\/index.php\/wp-json\/wp\/v2\/types\/page"}],"author":[{"embeddable":true,"href":"https:\/\/zen2050maintenant.fr\/index.php\/wp-json\/wp\/v2\/users\/1"}],"replies":[{"embeddable":true,"href":"https:\/\/zen2050maintenant.fr\/index.php\/wp-json\/wp\/v2\/comments?post=196"}],"version-history":[{"count":1,"href":"https:\/\/zen2050maintenant.fr\/index.php\/wp-json\/wp\/v2\/pages\/196\/revisions"}],"predecessor-version":[{"id":197,"href":"https:\/\/zen2050maintenant.fr\/index.php\/wp-json\/wp\/v2\/pages\/196\/revisions\/197"}],"up":[{"embeddable":true,"href":"https:\/\/zen2050maintenant.fr\/index.php\/wp-json\/wp\/v2\/pages\/93"}],"wp:attachment":[{"href":"https:\/\/zen2050maintenant.fr\/index.php\/wp-json\/wp\/v2\/media?parent=196"}],"curies":[{"name":"wp","href":"https:\/\/api.w.org\/{rel}","templated":true}]}}