{"id":357,"date":"2023-02-27T17:50:34","date_gmt":"2023-02-27T16:50:34","guid":{"rendered":"https:\/\/zen2050maintenant.fr\/?page_id=357"},"modified":"2025-11-04T15:28:14","modified_gmt":"2025-11-04T14:28:14","slug":"espace-abonnes","status":"publish","type":"page","link":"https:\/\/zen2050maintenant.fr\/index.php\/espace-abonnes\/","title":{"rendered":"Espace abonn\u00e9s"},"content":{"rendered":"\n<p>R\u00e9serv\u00e9 pour diff\u00e9rents groupes de travail<\/p>\n\n\n\n<p><\/p>\n","protected":false},"excerpt":{"rendered":"<p>R\u00e9serv\u00e9 pour diff\u00e9rents groupes de travail<\/p>\n","protected":false},"author":1,"featured_media":0,"parent":0,"menu_order":20,"comment_status":"closed","ping_status":"closed","template":"","meta":{"footnotes":""},"yoast_head":"<!-- This site is optimized with the Yoast SEO plugin v21.7 - https:\/\/yoast.com\/wordpress\/plugins\/seo\/ -->\n<title>Espace abonn\u00e9s - Zen 2050<\/title>\n<meta name=\"robots\" content=\"index, follow, max-snippet:-1, max-image-preview:large, max-video-preview:-1\" \/>\n<link rel=\"canonical\" href=\"https:\/\/zen2050maintenant.fr\/index.php\/espace-abonnes\/\" \/>\n<meta property=\"og:locale\" content=\"fr_FR\" \/>\n<meta property=\"og:type\" content=\"article\" \/>\n<meta property=\"og:title\" content=\"Espace abonn\u00e9s - Zen 2050\" \/>\n<meta property=\"og:description\" content=\"R\u00e9serv\u00e9 pour diff\u00e9rents groupes de travail\" \/>\n<meta property=\"og:url\" content=\"https:\/\/zen2050maintenant.fr\/index.php\/espace-abonnes\/\" \/>\n<meta property=\"og:site_name\" content=\"Zen 2050\" \/>\n<meta property=\"article:modified_time\" content=\"2025-11-04T14:28:14+00:00\" \/>\n<meta name=\"twitter:card\" content=\"summary_large_image\" \/>\n<meta name=\"twitter:label1\" content=\"Dur\u00e9e de lecture estim\u00e9e\" \/>\n\t<meta name=\"twitter:data1\" content=\"1 minute\" \/>\n<script type=\"application\/ld+json\" class=\"yoast-schema-graph\">{\"@context\":\"https:\/\/schema.org\",\"@graph\":[{\"@type\":\"WebPage\",\"@id\":\"https:\/\/zen2050maintenant.fr\/index.php\/espace-abonnes\/\",\"url\":\"https:\/\/zen2050maintenant.fr\/index.php\/espace-abonnes\/\",\"name\":\"Espace abonn\u00e9s - Zen 2050\",\"isPartOf\":{\"@id\":\"https:\/\/zen2050maintenant.fr\/#website\"},\"datePublished\":\"2023-02-27T16:50:34+00:00\",\"dateModified\":\"2025-11-04T14:28:14+00:00\",\"breadcrumb\":{\"@id\":\"https:\/\/zen2050maintenant.fr\/index.php\/espace-abonnes\/#breadcrumb\"},\"inLanguage\":\"fr-FR\",\"potentialAction\":[{\"@type\":\"ReadAction\",\"target\":[\"https:\/\/zen2050maintenant.fr\/index.php\/espace-abonnes\/\"]}]},{\"@type\":\"BreadcrumbList\",\"@id\":\"https:\/\/zen2050maintenant.fr\/index.php\/espace-abonnes\/#breadcrumb\",\"itemListElement\":[{\"@type\":\"ListItem\",\"position\":1,\"name\":\"Accueil\",\"item\":\"https:\/\/zen2050maintenant.fr\/\"},{\"@type\":\"ListItem\",\"position\":2,\"name\":\"Espace abonn\u00e9s\"}]},{\"@type\":\"WebSite\",\"@id\":\"https:\/\/zen2050maintenant.fr\/#website\",\"url\":\"https:\/\/zen2050maintenant.fr\/\",\"name\":\"Zen 2050 maintenant\",\"description\":\"Des actions locales et concr\u00e8tes vres la neutrali\u00e9 carbone en 2050\",\"publisher\":{\"@id\":\"https:\/\/zen2050maintenant.fr\/#organization\"},\"potentialAction\":[{\"@type\":\"SearchAction\",\"target\":{\"@type\":\"EntryPoint\",\"urlTemplate\":\"https:\/\/zen2050maintenant.fr\/?s={search_term_string}\"},\"query-input\":\"required name=search_term_string\"}],\"inLanguage\":\"fr-FR\"},{\"@type\":\"Organization\",\"@id\":\"https:\/\/zen2050maintenant.fr\/#organization\",\"name\":\"Zen 2050 maintenant\",\"url\":\"https:\/\/zen2050maintenant.fr\/\",\"logo\":{\"@type\":\"ImageObject\",\"inLanguage\":\"fr-FR\",\"@id\":\"https:\/\/zen2050maintenant.fr\/#\/schema\/logo\/image\/\",\"url\":\"https:\/\/i0.wp.com\/zen2050maintenant.fr\/wp-content\/uploads\/2023\/02\/logo.jpg?fit=261%2C186&ssl=1\",\"contentUrl\":\"https:\/\/i0.wp.com\/zen2050maintenant.fr\/wp-content\/uploads\/2023\/02\/logo.jpg?fit=261%2C186&ssl=1\",\"width\":261,\"height\":186,\"caption\":\"Zen 2050 maintenant\"},\"image\":{\"@id\":\"https:\/\/zen2050maintenant.fr\/#\/schema\/logo\/image\/\"}}]}<\/script>\n<!-- \/ Yoast SEO plugin. -->","yoast_head_json":{"title":"Espace abonn\u00e9s - Zen 2050","robots":{"index":"index","follow":"follow","max-snippet":"max-snippet:-1","max-image-preview":"max-image-preview:large","max-video-preview":"max-video-preview:-1"},"canonical":"https:\/\/zen2050maintenant.fr\/index.php\/espace-abonnes\/","og_locale":"fr_FR","og_type":"article","og_title":"Espace abonn\u00e9s - Zen 2050","og_description":"R\u00e9serv\u00e9 pour diff\u00e9rents groupes de travail","og_url":"https:\/\/zen2050maintenant.fr\/index.php\/espace-abonnes\/","og_site_name":"Zen 2050","article_modified_time":"2025-11-04T14:28:14+00:00","twitter_card":"summary_large_image","twitter_misc":{"Dur\u00e9e de lecture estim\u00e9e":"1 minute"},"schema":{"@context":"https:\/\/schema.org","@graph":[{"@type":"WebPage","@id":"https:\/\/zen2050maintenant.fr\/index.php\/espace-abonnes\/","url":"https:\/\/zen2050maintenant.fr\/index.php\/espace-abonnes\/","name":"Espace abonn\u00e9s - Zen 2050","isPartOf":{"@id":"https:\/\/zen2050maintenant.fr\/#website"},"datePublished":"2023-02-27T16:50:34+00:00","dateModified":"2025-11-04T14:28:14+00:00","breadcrumb":{"@id":"https:\/\/zen2050maintenant.fr\/index.php\/espace-abonnes\/#breadcrumb"},"inLanguage":"fr-FR","potentialAction":[{"@type":"ReadAction","target":["https:\/\/zen2050maintenant.fr\/index.php\/espace-abonnes\/"]}]},{"@type":"BreadcrumbList","@id":"https:\/\/zen2050maintenant.fr\/index.php\/espace-abonnes\/#breadcrumb","itemListElement":[{"@type":"ListItem","position":1,"name":"Accueil","item":"https:\/\/zen2050maintenant.fr\/"},{"@type":"ListItem","position":2,"name":"Espace abonn\u00e9s"}]},{"@type":"WebSite","@id":"https:\/\/zen2050maintenant.fr\/#website","url":"https:\/\/zen2050maintenant.fr\/","name":"Zen 2050 maintenant","description":"Des actions locales et concr\u00e8tes vres la neutrali\u00e9 carbone en 2050","publisher":{"@id":"https:\/\/zen2050maintenant.fr\/#organization"},"potentialAction":[{"@type":"SearchAction","target":{"@type":"EntryPoint","urlTemplate":"https:\/\/zen2050maintenant.fr\/?s={search_term_string}"},"query-input":"required name=search_term_string"}],"inLanguage":"fr-FR"},{"@type":"Organization","@id":"https:\/\/zen2050maintenant.fr\/#organization","name":"Zen 2050 maintenant","url":"https:\/\/zen2050maintenant.fr\/","logo":{"@type":"ImageObject","inLanguage":"fr-FR","@id":"https:\/\/zen2050maintenant.fr\/#\/schema\/logo\/image\/","url":"https:\/\/i0.wp.com\/zen2050maintenant.fr\/wp-content\/uploads\/2023\/02\/logo.jpg?fit=261%2C186&ssl=1","contentUrl":"https:\/\/i0.wp.com\/zen2050maintenant.fr\/wp-content\/uploads\/2023\/02\/logo.jpg?fit=261%2C186&ssl=1","width":261,"height":186,"caption":"Zen 2050 maintenant"},"image":{"@id":"https:\/\/zen2050maintenant.fr\/#\/schema\/logo\/image\/"}}]}},"jetpack_sharing_enabled":true,"jetpack-related-posts":[{"id":359,"url":"https:\/\/zen2050maintenant.fr\/index.php\/espace-abonnes\/gt-balades-thermiques\/","url_meta":{"origin":357,"position":0},"title":"GT Balades thermiques","author":"mipicard99@gmail.com","date":"27\/02\/2023","format":false,"excerpt":"Groupe \u00e0 acc\u00e8s restreint Prochaines r\u00e9unions \u00e0 compl\u00e9ter Documents Les documents finalis\u00e9s sont disponibles ici. On peut mettre beaucoup de types de docs, mais en lecture seule, exemple avec Powerpoint. Par contre, attention au volume et au temps de chargement initial. On peut aussi user et abuser des liens vers\u2026","rel":"","context":"Article similaire","block_context":{"text":"Article similaire","link":""},"img":{"alt_text":"","src":"","width":0,"height":0},"classes":[]},{"id":97,"url":"https:\/\/zen2050maintenant.fr\/index.php\/evenements\/mes-reservations\/","url_meta":{"origin":357,"position":1},"title":"Mes r\u00e9servations","author":"mipicard99@gmail.com","date":"22\/01\/2023","format":false,"excerpt":"CONTENTS","rel":"","context":"Article similaire","block_context":{"text":"Article similaire","link":""},"img":{"alt_text":"","src":"","width":0,"height":0},"classes":[]},{"id":140,"url":"https:\/\/zen2050maintenant.fr\/index.php\/nos-projets-2\/les-balades-thermiques\/","url_meta":{"origin":357,"position":2},"title":"Les balades thermiques","author":"mipicard99@gmail.com","date":"31\/01\/2023","format":false,"excerpt":"Gr\u00e2ce \u00e0 une cam\u00e9ra infra-rouge acquise par notre association, avec l'aide de la R\u00e9gion Ile de France (Budget\u00a0participatif \u00e9cologique et solidaire), vous pourrez visualiser les pertes thermiques des b\u00e2timents, lors d'une balade effectu\u00e9e de nuit et de pr\u00e9f\u00e9rence en hiver. Inscrivez-vous \u00e0 une s\u00e9ance programm\u00e9e et vous pourrez participer \u00e0\u2026","rel":"","context":"Article similaire","block_context":{"text":"Article similaire","link":""},"img":{"alt_text":"","src":"","width":0,"height":0},"classes":[]},{"id":149,"url":"https:\/\/zen2050maintenant.fr\/index.php\/nos-projets-2\/les-partenariats-avec-lenseignement\/","url_meta":{"origin":357,"position":3},"title":"Les partenariats avec l'enseignement","author":"mipicard99@gmail.com","date":"31\/01\/2023","format":false,"excerpt":"Avec le groupe scolaire Marie-Curie, ZEN 2050 Maintenant a men\u00e9 le projet \u00ab\u00a0Ces thermies qui nous \u00e9chappent\u00a0\u00bb. Nous avons mis \u00e0 disposition de l\u2019\u00e9quipe de sciences la cam\u00e9ra infra-rouge, ce qui a permis au \u00e9l\u00e8ves de l\u2019ensemble des classes de premi\u00e8res scientifiques de travailler sur les pertes thermiques. Ce fut\u2026","rel":"","context":"Article similaire","block_context":{"text":"Article similaire","link":""},"img":{"alt_text":"","src":"https:\/\/i0.wp.com\/zen2050maintenant.fr\/wp-content\/uploads\/2023\/01\/epf.jpg?resize=350%2C200&ssl=1","width":350,"height":200,"srcset":"https:\/\/i0.wp.com\/zen2050maintenant.fr\/wp-content\/uploads\/2023\/01\/epf.jpg?resize=350%2C200&ssl=1 1x, https:\/\/i0.wp.com\/zen2050maintenant.fr\/wp-content\/uploads\/2023\/01\/epf.jpg?resize=525%2C300&ssl=1 1.5x, https:\/\/i0.wp.com\/zen2050maintenant.fr\/wp-content\/uploads\/2023\/01\/epf.jpg?resize=700%2C400&ssl=1 2x"},"classes":[]},{"id":247,"url":"https:\/\/zen2050maintenant.fr\/index.php\/nos-projets-2\/blog\/la-journee-du-13-mai\/","url_meta":{"origin":357,"position":4},"title":"La journ\u00e9e du 13 Mai","author":"mipicard99@gmail.com","date":"14\/02\/2023","format":false,"excerpt":"Toute la journ\u00e9e \u00e0 Sceaux, rencontrez les associations, assistez \u00e0 des conf\u00e9rences, \u00e9changez. Et une bonne occasion de participer \u00e0 des ateliers ludiques. Si vous proposez d'\u00eatre animateur, merci de cliquer ici Choisissez votre atelier Su vous acceptez de vous inscrire, vous devez bien s\u00fbr donner un email et optionnellement\u2026","rel":"","context":"Article similaire","block_context":{"text":"Article similaire","link":""},"img":{"alt_text":"","src":"","width":0,"height":0},"classes":[]}],"_links":{"self":[{"href":"https:\/\/zen2050maintenant.fr\/index.php\/wp-json\/wp\/v2\/pages\/357"}],"collection":[{"href":"https:\/\/zen2050maintenant.fr\/index.php\/wp-json\/wp\/v2\/pages"}],"about":[{"href":"https:\/\/zen2050maintenant.fr\/index.php\/wp-json\/wp\/v2\/types\/page"}],"author":[{"embeddable":true,"href":"https:\/\/zen2050maintenant.fr\/index.php\/wp-json\/wp\/v2\/users\/1"}],"replies":[{"embeddable":true,"href":"https:\/\/zen2050maintenant.fr\/index.php\/wp-json\/wp\/v2\/comments?post=357"}],"version-history":[{"count":1,"href":"https:\/\/zen2050maintenant.fr\/index.php\/wp-json\/wp\/v2\/pages\/357\/revisions"}],"predecessor-version":[{"id":358,"href":"https:\/\/zen2050maintenant.fr\/index.php\/wp-json\/wp\/v2\/pages\/357\/revisions\/358"}],"wp:attachment":[{"href":"https:\/\/zen2050maintenant.fr\/index.php\/wp-json\/wp\/v2\/media?parent=357"}],"curies":[{"name":"wp","href":"https:\/\/api.w.org\/{rel}","templated":true}]}}