{"id":42,"date":"2023-01-18T05:02:31","date_gmt":"2023-01-18T04:02:31","guid":{"rendered":"https:\/\/zen2050maintenant.fr\/?page_id=42"},"modified":"2023-09-10T23:07:27","modified_gmt":"2023-09-10T21:07:27","slug":"lassociation","status":"publish","type":"page","link":"https:\/\/zen2050maintenant.fr\/index.php\/lassociation\/","title":{"rendered":"Nos actions"},"content":{"rendered":"\n<p>Z.E.N. 2050, c'est Z\u00e9ro \u00c9missions Nettes de gaz \u00e0 effet de serre en 2050. C'est un engagement de l'ONU,\u00a0de l'Union Europ\u00e9enne, auquel la France a souscrit.Cet engagement est notamment repris par la Strat\u00e9gie Nationale Bas Carbone (SNBC), et localement\u00a0par le Plan Climat Air \u00c9nergie de nos territoire<em>s<\/em>.<\/p>\n\n\n\n<p>Zen2050maintenant est une association originaire du 92, pr\u00e9cis\u00e9ment de la communaut\u00e9 d'agglom\u00e9rations Vall\u00e9e Sud Grand Paris. Nous d\u00e9fendons des projets concrets, locaux en coh\u00e9rence avec les actions  de nombreuses associations  d'ampleur nationale et internationale; The Shift Project, Carbone 4, EduClimat, Inventons Nos Vies Bas Carbone, Rue de l'Avenir<\/p>\n\n\n\n<p>Nous proposons des actions p\u00e9dagogiques, comme les balades thermiques, des bilans carbone d'\u00e9tablissements scolaires, des projets men\u00e9s \u00e0 l'aide d'une cam\u00e9ra-infra-rouge dans des sites scolaires, des conf\u00e9rences (une \u00e0 venir sur la g\u00e9othermie profonde), une participation de moments collectifs conviviaux avec l'animation du village dit du bas carbone lors du printemps des transitions de Sceaux.<\/p>\n\n\n\n<p>Restez inform\u00e9s de notre actualit\u00e9 en souscrivant \u00e0 la newsletter.<\/p>\n\n\n\n<p><\/p>\n","protected":false},"excerpt":{"rendered":"<p>Z.E.N. 2050, c'est Z\u00e9ro \u00c9missions Nettes de gaz \u00e0 effet de serre en 2050. C'est un engagement de l'ONU,\u00a0de l'Union Europ\u00e9enne, auquel la France a souscrit.Cet engagement est notamment repris par la Strat\u00e9gie Nationale Bas Carbone (SNBC), et localement\u00a0par le Plan Climat Air \u00c9nergie de nos territoires. Zen2050maintenant est une association originaire du 92, pr\u00e9cis\u00e9ment [&hellip;]<\/p>\n","protected":false},"author":1,"featured_media":0,"parent":0,"menu_order":2,"comment_status":"closed","ping_status":"closed","template":"","meta":{"footnotes":""},"yoast_head":"<!-- This site is optimized with the Yoast SEO plugin v21.7 - https:\/\/yoast.com\/wordpress\/plugins\/seo\/ -->\n<title>Nos actions - Zen 2050<\/title>\n<meta name=\"robots\" content=\"index, follow, max-snippet:-1, max-image-preview:large, max-video-preview:-1\" \/>\n<link rel=\"canonical\" href=\"https:\/\/zen2050maintenant.fr\/index.php\/lassociation\/\" \/>\n<meta property=\"og:locale\" content=\"fr_FR\" \/>\n<meta property=\"og:type\" content=\"article\" \/>\n<meta property=\"og:title\" content=\"Nos actions - Zen 2050\" \/>\n<meta property=\"og:description\" content=\"Z.E.N. 2050, c&#039;est Z\u00e9ro \u00c9missions Nettes de gaz \u00e0 effet de serre en 2050. C&#039;est un engagement de l&#039;ONU,\u00a0de l&#039;Union Europ\u00e9enne, auquel la France a souscrit.Cet engagement est notamment repris par la Strat\u00e9gie Nationale Bas Carbone (SNBC), et localement\u00a0par le Plan Climat Air \u00c9nergie de nos territoires. Zen2050maintenant est une association originaire du 92, pr\u00e9cis\u00e9ment [&hellip;]\" \/>\n<meta property=\"og:url\" content=\"https:\/\/zen2050maintenant.fr\/index.php\/lassociation\/\" \/>\n<meta property=\"og:site_name\" content=\"Zen 2050\" \/>\n<meta property=\"article:modified_time\" content=\"2023-09-10T21:07:27+00:00\" \/>\n<meta name=\"twitter:card\" content=\"summary_large_image\" \/>\n<meta name=\"twitter:label1\" content=\"Dur\u00e9e de lecture estim\u00e9e\" \/>\n\t<meta name=\"twitter:data1\" content=\"1 minute\" \/>\n<script type=\"application\/ld+json\" class=\"yoast-schema-graph\">{\"@context\":\"https:\/\/schema.org\",\"@graph\":[{\"@type\":\"WebPage\",\"@id\":\"https:\/\/zen2050maintenant.fr\/index.php\/lassociation\/\",\"url\":\"https:\/\/zen2050maintenant.fr\/index.php\/lassociation\/\",\"name\":\"Nos actions - Zen 2050\",\"isPartOf\":{\"@id\":\"https:\/\/zen2050maintenant.fr\/#website\"},\"datePublished\":\"2023-01-18T04:02:31+00:00\",\"dateModified\":\"2023-09-10T21:07:27+00:00\",\"breadcrumb\":{\"@id\":\"https:\/\/zen2050maintenant.fr\/index.php\/lassociation\/#breadcrumb\"},\"inLanguage\":\"fr-FR\",\"potentialAction\":[{\"@type\":\"ReadAction\",\"target\":[\"https:\/\/zen2050maintenant.fr\/index.php\/lassociation\/\"]}]},{\"@type\":\"BreadcrumbList\",\"@id\":\"https:\/\/zen2050maintenant.fr\/index.php\/lassociation\/#breadcrumb\",\"itemListElement\":[{\"@type\":\"ListItem\",\"position\":1,\"name\":\"Accueil\",\"item\":\"https:\/\/zen2050maintenant.fr\/\"},{\"@type\":\"ListItem\",\"position\":2,\"name\":\"Nos actions\"}]},{\"@type\":\"WebSite\",\"@id\":\"https:\/\/zen2050maintenant.fr\/#website\",\"url\":\"https:\/\/zen2050maintenant.fr\/\",\"name\":\"Zen 2050 maintenant\",\"description\":\"Des actions locales et concr\u00e8tes vres la neutrali\u00e9 carbone en 2050\",\"publisher\":{\"@id\":\"https:\/\/zen2050maintenant.fr\/#organization\"},\"potentialAction\":[{\"@type\":\"SearchAction\",\"target\":{\"@type\":\"EntryPoint\",\"urlTemplate\":\"https:\/\/zen2050maintenant.fr\/?s={search_term_string}\"},\"query-input\":\"required name=search_term_string\"}],\"inLanguage\":\"fr-FR\"},{\"@type\":\"Organization\",\"@id\":\"https:\/\/zen2050maintenant.fr\/#organization\",\"name\":\"Zen 2050 maintenant\",\"url\":\"https:\/\/zen2050maintenant.fr\/\",\"logo\":{\"@type\":\"ImageObject\",\"inLanguage\":\"fr-FR\",\"@id\":\"https:\/\/zen2050maintenant.fr\/#\/schema\/logo\/image\/\",\"url\":\"https:\/\/i0.wp.com\/zen2050maintenant.fr\/wp-content\/uploads\/2023\/02\/logo.jpg?fit=261%2C186&ssl=1\",\"contentUrl\":\"https:\/\/i0.wp.com\/zen2050maintenant.fr\/wp-content\/uploads\/2023\/02\/logo.jpg?fit=261%2C186&ssl=1\",\"width\":261,\"height\":186,\"caption\":\"Zen 2050 maintenant\"},\"image\":{\"@id\":\"https:\/\/zen2050maintenant.fr\/#\/schema\/logo\/image\/\"}}]}<\/script>\n<!-- \/ Yoast SEO plugin. -->","yoast_head_json":{"title":"Nos actions - Zen 2050","robots":{"index":"index","follow":"follow","max-snippet":"max-snippet:-1","max-image-preview":"max-image-preview:large","max-video-preview":"max-video-preview:-1"},"canonical":"https:\/\/zen2050maintenant.fr\/index.php\/lassociation\/","og_locale":"fr_FR","og_type":"article","og_title":"Nos actions - Zen 2050","og_description":"Z.E.N. 2050, c'est Z\u00e9ro \u00c9missions Nettes de gaz \u00e0 effet de serre en 2050. C'est un engagement de l'ONU,\u00a0de l'Union Europ\u00e9enne, auquel la France a souscrit.Cet engagement est notamment repris par la Strat\u00e9gie Nationale Bas Carbone (SNBC), et localement\u00a0par le Plan Climat Air \u00c9nergie de nos territoires. Zen2050maintenant est une association originaire du 92, pr\u00e9cis\u00e9ment [&hellip;]","og_url":"https:\/\/zen2050maintenant.fr\/index.php\/lassociation\/","og_site_name":"Zen 2050","article_modified_time":"2023-09-10T21:07:27+00:00","twitter_card":"summary_large_image","twitter_misc":{"Dur\u00e9e de lecture estim\u00e9e":"1 minute"},"schema":{"@context":"https:\/\/schema.org","@graph":[{"@type":"WebPage","@id":"https:\/\/zen2050maintenant.fr\/index.php\/lassociation\/","url":"https:\/\/zen2050maintenant.fr\/index.php\/lassociation\/","name":"Nos actions - Zen 2050","isPartOf":{"@id":"https:\/\/zen2050maintenant.fr\/#website"},"datePublished":"2023-01-18T04:02:31+00:00","dateModified":"2023-09-10T21:07:27+00:00","breadcrumb":{"@id":"https:\/\/zen2050maintenant.fr\/index.php\/lassociation\/#breadcrumb"},"inLanguage":"fr-FR","potentialAction":[{"@type":"ReadAction","target":["https:\/\/zen2050maintenant.fr\/index.php\/lassociation\/"]}]},{"@type":"BreadcrumbList","@id":"https:\/\/zen2050maintenant.fr\/index.php\/lassociation\/#breadcrumb","itemListElement":[{"@type":"ListItem","position":1,"name":"Accueil","item":"https:\/\/zen2050maintenant.fr\/"},{"@type":"ListItem","position":2,"name":"Nos actions"}]},{"@type":"WebSite","@id":"https:\/\/zen2050maintenant.fr\/#website","url":"https:\/\/zen2050maintenant.fr\/","name":"Zen 2050 maintenant","description":"Des actions locales et concr\u00e8tes vres la neutrali\u00e9 carbone en 2050","publisher":{"@id":"https:\/\/zen2050maintenant.fr\/#organization"},"potentialAction":[{"@type":"SearchAction","target":{"@type":"EntryPoint","urlTemplate":"https:\/\/zen2050maintenant.fr\/?s={search_term_string}"},"query-input":"required name=search_term_string"}],"inLanguage":"fr-FR"},{"@type":"Organization","@id":"https:\/\/zen2050maintenant.fr\/#organization","name":"Zen 2050 maintenant","url":"https:\/\/zen2050maintenant.fr\/","logo":{"@type":"ImageObject","inLanguage":"fr-FR","@id":"https:\/\/zen2050maintenant.fr\/#\/schema\/logo\/image\/","url":"https:\/\/i0.wp.com\/zen2050maintenant.fr\/wp-content\/uploads\/2023\/02\/logo.jpg?fit=261%2C186&ssl=1","contentUrl":"https:\/\/i0.wp.com\/zen2050maintenant.fr\/wp-content\/uploads\/2023\/02\/logo.jpg?fit=261%2C186&ssl=1","width":261,"height":186,"caption":"Zen 2050 maintenant"},"image":{"@id":"https:\/\/zen2050maintenant.fr\/#\/schema\/logo\/image\/"}}]}},"jetpack_sharing_enabled":true,"jetpack-related-posts":[{"id":44,"url":"https:\/\/zen2050maintenant.fr\/index.php\/les-projets\/","url_meta":{"origin":42,"position":0},"title":"Nos projets (old)","author":"mipicard99@gmail.com","date":"18\/01\/2023","format":false,"excerpt":"Notre association Zen 2050 porte actuellement plusieurs projets. Les balades thermiques Un grand merci \u00e0 la R\u00e9gion Ile de France pour la subvention accord\u00e9e \u00e0 ce projet dans le budget participatif \u00e9cologique et solidaire\u00a0et \u00e0 tous les Franciliens qui ont par leur vote soutenu notre projet, le classant parmi les\u2026","rel":"","context":"Article similaire","block_context":{"text":"Article similaire","link":""},"img":{"alt_text":"","src":"https:\/\/i0.wp.com\/zen2050maintenant.fr\/wp-content\/uploads\/2023\/09\/logo-IdF.png?resize=350%2C200&ssl=1","width":350,"height":200},"classes":[]},{"id":149,"url":"https:\/\/zen2050maintenant.fr\/index.php\/nos-projets-2\/les-partenariats-avec-lenseignement\/","url_meta":{"origin":42,"position":1},"title":"Les partenariats avec l'enseignement","author":"mipicard99@gmail.com","date":"31\/01\/2023","format":false,"excerpt":"Avec le groupe scolaire Marie-Curie, ZEN 2050 Maintenant a men\u00e9 le projet \u00ab\u00a0Ces thermies qui nous \u00e9chappent\u00a0\u00bb. Nous avons mis \u00e0 disposition de l\u2019\u00e9quipe de sciences la cam\u00e9ra infra-rouge, ce qui a permis au \u00e9l\u00e8ves de l\u2019ensemble des classes de premi\u00e8res scientifiques de travailler sur les pertes thermiques. Ce fut\u2026","rel":"","context":"Article similaire","block_context":{"text":"Article similaire","link":""},"img":{"alt_text":"","src":"https:\/\/i0.wp.com\/zen2050maintenant.fr\/wp-content\/uploads\/2023\/01\/epf.jpg?resize=350%2C200&ssl=1","width":350,"height":200,"srcset":"https:\/\/i0.wp.com\/zen2050maintenant.fr\/wp-content\/uploads\/2023\/01\/epf.jpg?resize=350%2C200&ssl=1 1x, https:\/\/i0.wp.com\/zen2050maintenant.fr\/wp-content\/uploads\/2023\/01\/epf.jpg?resize=525%2C300&ssl=1 1.5x, https:\/\/i0.wp.com\/zen2050maintenant.fr\/wp-content\/uploads\/2023\/01\/epf.jpg?resize=700%2C400&ssl=1 2x"},"classes":[]},{"id":6,"url":"https:\/\/zen2050maintenant.fr\/","url_meta":{"origin":42,"position":2},"title":"Notre mission","author":"mipicard99@gmail.com","date":"12\/01\/2023","format":false,"excerpt":"Balade thermique Si vous participez \u00e0 une balade thermique, merci d'utiliser ce formulaire au moment de la visite pour visionner les images Printemps des transitions Les 16 et 17 Mai 2025, le Printemps des transitions organis\u00e9 par la ville de Sceaux, a \u00e9t\u00e9 l'occasion de belles rencontres. Z.E.N. 2050 maintenant\u2026","rel":"","context":"Article similaire","block_context":{"text":"Article similaire","link":""},"img":{"alt_text":"","src":"https:\/\/i0.wp.com\/zen2050maintenant.fr\/wp-content\/uploads\/2023\/02\/capt1.jpg?resize=350%2C200&ssl=1","width":350,"height":200,"srcset":"https:\/\/i0.wp.com\/zen2050maintenant.fr\/wp-content\/uploads\/2023\/02\/capt1.jpg?resize=350%2C200&ssl=1 1x, https:\/\/i0.wp.com\/zen2050maintenant.fr\/wp-content\/uploads\/2023\/02\/capt1.jpg?resize=525%2C300&ssl=1 1.5x"},"classes":[]},{"id":247,"url":"https:\/\/zen2050maintenant.fr\/index.php\/nos-projets-2\/blog\/la-journee-du-13-mai\/","url_meta":{"origin":42,"position":3},"title":"La journ\u00e9e du 13 Mai","author":"mipicard99@gmail.com","date":"14\/02\/2023","format":false,"excerpt":"Toute la journ\u00e9e \u00e0 Sceaux, rencontrez les associations, assistez \u00e0 des conf\u00e9rences, \u00e9changez. Et une bonne occasion de participer \u00e0 des ateliers ludiques. Si vous proposez d'\u00eatre animateur, merci de cliquer ici Choisissez votre atelier Su vous acceptez de vous inscrire, vous devez bien s\u00fbr donner un email et optionnellement\u2026","rel":"","context":"Article similaire","block_context":{"text":"Article similaire","link":""},"img":{"alt_text":"","src":"","width":0,"height":0},"classes":[]},{"id":170,"url":"https:\/\/zen2050maintenant.fr\/index.php\/nos-projets-2\/le-projet-de-geothermie-vallee-sud\/","url_meta":{"origin":42,"position":4},"title":"Un projet de g\u00e9othermie sur trois communes du territoire Vall\u00e9e Sud Grand Paris","author":"mipicard99@gmail.com","date":"02\/02\/2023","format":false,"excerpt":"\"De l\u2019eau chaude sous nos pieds\u2026\" Sous l\u2019\u00cele de France,LE DOGGER,Une couche de craie satur\u00e9eEN EAU CHAUDE Il suffit de creuser \u00e0 1800 m ! L\u2019association Z.E.N. 2050 Maintenant a \u00e9t\u00e9 force de conviction en pour que soit relanc\u00e9es les pr\u00e9-\u00e9tudes n\u00e9cessaires \u00e0 un projet de g\u00e9othermie sur les communes\u2026","rel":"","context":"Article similaire","block_context":{"text":"Article similaire","link":""},"img":{"alt_text":"","src":"https:\/\/i0.wp.com\/zen2050maintenant.fr\/wp-content\/uploads\/2023\/02\/geothermeie1.jpg?resize=350%2C200&ssl=1","width":350,"height":200,"srcset":"https:\/\/i0.wp.com\/zen2050maintenant.fr\/wp-content\/uploads\/2023\/02\/geothermeie1.jpg?resize=350%2C200&ssl=1 1x, https:\/\/i0.wp.com\/zen2050maintenant.fr\/wp-content\/uploads\/2023\/02\/geothermeie1.jpg?resize=525%2C300&ssl=1 1.5x, https:\/\/i0.wp.com\/zen2050maintenant.fr\/wp-content\/uploads\/2023\/02\/geothermeie1.jpg?resize=700%2C400&ssl=1 2x"},"classes":[]},{"id":140,"url":"https:\/\/zen2050maintenant.fr\/index.php\/nos-projets-2\/les-balades-thermiques\/","url_meta":{"origin":42,"position":5},"title":"Les balades thermiques","author":"mipicard99@gmail.com","date":"31\/01\/2023","format":false,"excerpt":"Gr\u00e2ce \u00e0 une cam\u00e9ra infra-rouge acquise par notre association, avec l'aide de la R\u00e9gion Ile de France (Budget\u00a0participatif \u00e9cologique et solidaire), vous pourrez visualiser les pertes thermiques des b\u00e2timents, lors d'une balade effectu\u00e9e de nuit et de pr\u00e9f\u00e9rence en hiver. Inscrivez-vous \u00e0 une s\u00e9ance programm\u00e9e et vous pourrez participer \u00e0\u2026","rel":"","context":"Article similaire","block_context":{"text":"Article similaire","link":""},"img":{"alt_text":"","src":"","width":0,"height":0},"classes":[]}],"_links":{"self":[{"href":"https:\/\/zen2050maintenant.fr\/index.php\/wp-json\/wp\/v2\/pages\/42"}],"collection":[{"href":"https:\/\/zen2050maintenant.fr\/index.php\/wp-json\/wp\/v2\/pages"}],"about":[{"href":"https:\/\/zen2050maintenant.fr\/index.php\/wp-json\/wp\/v2\/types\/page"}],"author":[{"embeddable":true,"href":"https:\/\/zen2050maintenant.fr\/index.php\/wp-json\/wp\/v2\/users\/1"}],"replies":[{"embeddable":true,"href":"https:\/\/zen2050maintenant.fr\/index.php\/wp-json\/wp\/v2\/comments?post=42"}],"version-history":[{"count":6,"href":"https:\/\/zen2050maintenant.fr\/index.php\/wp-json\/wp\/v2\/pages\/42\/revisions"}],"predecessor-version":[{"id":639,"href":"https:\/\/zen2050maintenant.fr\/index.php\/wp-json\/wp\/v2\/pages\/42\/revisions\/639"}],"wp:attachment":[{"href":"https:\/\/zen2050maintenant.fr\/index.php\/wp-json\/wp\/v2\/media?parent=42"}],"curies":[{"name":"wp","href":"https:\/\/api.w.org\/{rel}","templated":true}]}}