{"id":574,"date":"2023-04-03T05:03:29","date_gmt":"2023-04-03T03:03:29","guid":{"rendered":"https:\/\/zen2050maintenant.fr\/?page_id=574"},"modified":"2023-04-03T05:03:31","modified_gmt":"2023-04-03T03:03:31","slug":"animateurs","status":"publish","type":"page","link":"https:\/\/zen2050maintenant.fr\/index.php\/nos-projets-2\/blog\/la-journee-du-13-mai\/animateurs\/","title":{"rendered":"Animateurs"},"content":{"rendered":"<div class=\"forminator-ui forminator-custom-form forminator-custom-form-573 forminator-design--default  forminator_ajax\" data-forminator-render=\"0\" data-form=\"forminator-module-573\" data-uid=\"69f3330caaf2e\"><br\/><\/div><form\n\t\t\t\tid=\"forminator-module-573\"\n\t\t\t\tclass=\"forminator-ui forminator-custom-form forminator-custom-form-573 forminator-design--default  forminator_ajax\"\n\t\t\t\tmethod=\"post\"\n\t\t\t\tdata-forminator-render=\"0\"\n\t\t\t\tdata-form-id=\"573\"\n\t\t\t\t\n\t\t\t\tdata-design=\"default\"\n\t\t\t\t\n\t\t\t\t\n\t\t\t\t\n\t\t\t\tdata-grid=\"open\"\n\t\t\t\t\n\t\t\t\t\n\t\t\t\tstyle=\"display: none;\"\n\t\t\t\t\n\t\t\t\tdata-uid=\"69f3330caaf2e\"\n\t\t\t><div role=\"alert\" aria-live=\"polite\" class=\"forminator-response-message forminator-error\" aria-hidden=\"true\"><\/div><div class=\"forminator-row\"><div id=\"html-1\" class=\"forminator-field-html forminator-col forminator-col-12 \"><div class=\"forminator-field forminator-merge-tags\" data-field=\"html-1\"><label class=\"forminator-label\">Recherche animateurs<\/label><p>Nous pr\u00e9voyons une douzaine de Fresques et d'ateliers en parall\u00e8le.<br \/>Dans un premier temps, nous recensons les volontaires, avec qui nous \u00e9changerons jusqu'\u00e0 la mise au point finale.<\/p>\n<p>Nous avons donc besoin de vos informations de contact et de vos propositions dans le formulaire ci-dessous<\/p><\/div><\/div><\/div><div class=\"forminator-row\"><div id=\"checkbox-1\" class=\"forminator-field-checkbox forminator-col forminator-col-12 \"><div role=\"group\" class=\"forminator-field\" aria-labelledby=\"forminator-checkbox-group-69f3330caaf2e-label\"><h4 id=\"forminator-checkbox-group-69f3330caaf2e-label\" class=\"forminator-label\">Je peux intevenir sur<\/h4><label id=\"forminator-field-checkbox-1-1-69f3330caaf2e-label\" for=\"forminator-field-checkbox-1-1-69f3330caaf2e\" class=\"forminator-checkbox\" title=\"Fresque du Climat\"><input type=\"checkbox\" name=\"checkbox-1[]\" value=\"one\" id=\"forminator-field-checkbox-1-1-69f3330caaf2e\" aria-labelledby=\"forminator-field-checkbox-1-1-69f3330caaf2e-label\" data-calculation=\"0\"   aria-describedby=\"forminator-field-checkbox-1-69f3330caaf2e-description\"\/><span class=\"forminator-checkbox-box\" aria-hidden=\"true\"><\/span><span class=\"forminator-checkbox-label\">Fresque du Climat<\/span><\/label><label id=\"forminator-field-checkbox-1-2-69f3330caaf2e-label\" for=\"forminator-field-checkbox-1-2-69f3330caaf2e\" class=\"forminator-checkbox\" title=\"Fresque du Num\u00e9rique\"><input type=\"checkbox\" name=\"checkbox-1[]\" value=\"two\" id=\"forminator-field-checkbox-1-2-69f3330caaf2e\" aria-labelledby=\"forminator-field-checkbox-1-2-69f3330caaf2e-label\" data-calculation=\"0\"   aria-describedby=\"forminator-field-checkbox-1-69f3330caaf2e-description\"\/><span class=\"forminator-checkbox-box\" aria-hidden=\"true\"><\/span><span class=\"forminator-checkbox-label\">Fresque du Num\u00e9rique<\/span><\/label><label id=\"forminator-field-checkbox-1-3-69f3330caaf2e-label\" for=\"forminator-field-checkbox-1-3-69f3330caaf2e\" class=\"forminator-checkbox\" title=\"Fresque de la Mobilit\u00e9\"><input type=\"checkbox\" name=\"checkbox-1[]\" value=\"Fresque-de-la-Mobilit\u00e9\" id=\"forminator-field-checkbox-1-3-69f3330caaf2e\" aria-labelledby=\"forminator-field-checkbox-1-3-69f3330caaf2e-label\" data-calculation=\"0\"   aria-describedby=\"forminator-field-checkbox-1-69f3330caaf2e-description\"\/><span class=\"forminator-checkbox-box\" aria-hidden=\"true\"><\/span><span class=\"forminator-checkbox-label\">Fresque de la Mobilit\u00e9<\/span><\/label><label id=\"forminator-field-checkbox-1-4-69f3330caaf2e-label\" for=\"forminator-field-checkbox-1-4-69f3330caaf2e\" class=\"forminator-checkbox\" title=\"Atelier My CO2\"><input type=\"checkbox\" name=\"checkbox-1[]\" value=\"Atelier-My-CO2\" id=\"forminator-field-checkbox-1-4-69f3330caaf2e\" aria-labelledby=\"forminator-field-checkbox-1-4-69f3330caaf2e-label\" data-calculation=\"0\"   aria-describedby=\"forminator-field-checkbox-1-69f3330caaf2e-description\"\/><span class=\"forminator-checkbox-box\" aria-hidden=\"true\"><\/span><span class=\"forminator-checkbox-label\">Atelier My CO2<\/span><\/label><label id=\"forminator-field-checkbox-1-5-69f3330caaf2e-label\" for=\"forminator-field-checkbox-1-5-69f3330caaf2e\" class=\"forminator-checkbox\" title=\"Atelier 2 Tonnes\"><input type=\"checkbox\" name=\"checkbox-1[]\" value=\"Atelier-2-Tonnes\" id=\"forminator-field-checkbox-1-5-69f3330caaf2e\" aria-labelledby=\"forminator-field-checkbox-1-5-69f3330caaf2e-label\" data-calculation=\"0\"   aria-describedby=\"forminator-field-checkbox-1-69f3330caaf2e-description\"\/><span class=\"forminator-checkbox-box\" aria-hidden=\"true\"><\/span><span class=\"forminator-checkbox-label\">Atelier 2 Tonnes<\/span><\/label><label id=\"forminator-field-checkbox-1-6-69f3330caaf2e-label\" for=\"forminator-field-checkbox-1-6-69f3330caaf2e\" class=\"forminator-checkbox\" title=\"Atelier Inventons Nos Vies Bas Carbone\"><input type=\"checkbox\" name=\"checkbox-1[]\" value=\"Atelier-Inventons-Nos-Vies-Bas-Carbone\" id=\"forminator-field-checkbox-1-6-69f3330caaf2e\" aria-labelledby=\"forminator-field-checkbox-1-6-69f3330caaf2e-label\" data-calculation=\"0\"   aria-describedby=\"forminator-field-checkbox-1-69f3330caaf2e-description\"\/><span class=\"forminator-checkbox-box\" aria-hidden=\"true\"><\/span><span class=\"forminator-checkbox-label\">Atelier Inventons Nos Vies Bas Carbone<\/span><\/label><\/div><\/div><\/div><div class=\"forminator-row\"><div id=\"checkbox-2\" class=\"forminator-field-checkbox forminator-col forminator-col-12 \"><div role=\"group\" class=\"forminator-field\" aria-labelledby=\"forminator-checkbox-group-69f3330caaf2e-label\"><h4 id=\"forminator-checkbox-group-69f3330caaf2e-label\" class=\"forminator-label\">Sur le cr\u00e9neau<\/h4><label id=\"forminator-field-checkbox-2-1-69f3330caaf2e-label\" for=\"forminator-field-checkbox-2-1-69f3330caaf2e\" class=\"forminator-checkbox\" title=\"du matin: 9h30-12h30\"><input type=\"checkbox\" name=\"checkbox-2[]\" value=\"one\" id=\"forminator-field-checkbox-2-1-69f3330caaf2e\" aria-labelledby=\"forminator-field-checkbox-2-1-69f3330caaf2e-label\" data-calculation=\"0\"   aria-describedby=\"forminator-field-checkbox-2-69f3330caaf2e-description\"\/><span class=\"forminator-checkbox-box\" aria-hidden=\"true\"><\/span><span class=\"forminator-checkbox-label\">du matin: 9h30-12h30<\/span><\/label><label id=\"forminator-field-checkbox-2-2-69f3330caaf2e-label\" for=\"forminator-field-checkbox-2-2-69f3330caaf2e\" class=\"forminator-checkbox\" title=\"de l&#039;apr\u00e8s-midi: 14h30-17h30\"><input type=\"checkbox\" name=\"checkbox-2[]\" value=\"two\" id=\"forminator-field-checkbox-2-2-69f3330caaf2e\" aria-labelledby=\"forminator-field-checkbox-2-2-69f3330caaf2e-label\" data-calculation=\"0\"   aria-describedby=\"forminator-field-checkbox-2-69f3330caaf2e-description\"\/><span class=\"forminator-checkbox-box\" aria-hidden=\"true\"><\/span><span class=\"forminator-checkbox-label\">de l'apr\u00e8s-midi: 14h30-17h30<\/span><\/label><\/div><\/div><\/div><div class=\"forminator-row\"><div id=\"email-1\" class=\"forminator-field-email forminator-col forminator-col-12 \"><div class=\"forminator-field\"><label for=\"forminator-field-email-1_69f3330caaf2e\" class=\"forminator-label\" id=\"forminator-field-email-1_69f3330caaf2e-label\">Mon email <span class=\"forminator-required\">*<\/span><\/label><input type=\"email\" name=\"email-1\" value=\"\" placeholder=\"Par exemple\u00a0: jacques@martin.com\" id=\"forminator-field-email-1_69f3330caaf2e\" class=\"forminator-input forminator-email--field\" data-required=\"1\" aria-required=\"true\" \/><\/div><\/div><\/div><div class=\"forminator-row\"><div id=\"name-1\" class=\"forminator-field-name forminator-col forminator-col-12 \"><div class=\"forminator-field\"><label for=\"forminator-field-name-1_69f3330caaf2e\" class=\"forminator-label\" id=\"forminator-field-name-1_69f3330caaf2e-label\">Pr\u00e9nom &amp; Nom<\/label><input type=\"text\" name=\"name-1\" value=\"\" placeholder=\"Par exemple\u00a0: Jacques Martin\" id=\"forminator-field-name-1_69f3330caaf2e\" class=\"forminator-input forminator-name--field\" aria-required=\"false\" \/><\/div><\/div><\/div><div class=\"forminator-row\"><div id=\"phone-1\" class=\"forminator-field-phone forminator-col forminator-col-12 \"><div class=\"forminator-field\"><label for=\"forminator-field-phone-1_69f3330caaf2e\" class=\"forminator-label\" id=\"forminator-field-phone-1_69f3330caaf2e-label\">T\u00e9l\u00e9phone mobile<\/label><input type=\"text\" name=\"phone-1\" value=\"\" placeholder=\"Par exemple\u00a0: +1 02 03 05 06\" id=\"forminator-field-phone-1_69f3330caaf2e\" class=\"forminator-input forminator-field--phone\" data-required=\"\" aria-required=\"false\" autocomplete=\"off\" \/><\/div><\/div><\/div><input type=\"hidden\" name=\"referer_url\" value=\"\" \/><div class=\"forminator-row forminator-row-last\"><div class=\"forminator-col\"><div class=\"forminator-field\"><button class=\"forminator-button forminator-button-submit\">Envoyer le message<\/button><\/div><\/div><\/div><input type=\"hidden\" id=\"forminator_nonce\" name=\"forminator_nonce\" value=\"e9d35b2cc1\" \/><input type=\"hidden\" name=\"_wp_http_referer\" value=\"\/index.php\/wp-json\/wp\/v2\/pages\/574\" \/><input type=\"hidden\" name=\"form_id\" value=\"573\"><input type=\"hidden\" name=\"page_id\" value=\"574\"><input type=\"hidden\" name=\"form_type\" value=\"default\"><input type=\"hidden\" name=\"current_url\" value=\"https:\/\/zen2050maintenant.fr\/index.php\/nos-projets-2\/blog\/la-journee-du-13-mai\/animateurs\/\"><input type=\"hidden\" name=\"render_id\" value=\"0\"><input type=\"hidden\" name=\"action\" value=\"forminator_submit_form_custom-forms\"><\/form>\n","protected":false},"excerpt":{"rendered":"","protected":false},"author":1,"featured_media":0,"parent":247,"menu_order":1,"comment_status":"closed","ping_status":"closed","template":"","meta":{"footnotes":""},"yoast_head":"<!-- This site is optimized with the Yoast SEO plugin v21.7 - https:\/\/yoast.com\/wordpress\/plugins\/seo\/ -->\n<title>Animateurs - Zen 2050<\/title>\n<meta name=\"robots\" content=\"index, follow, max-snippet:-1, max-image-preview:large, max-video-preview:-1\" \/>\n<link rel=\"canonical\" href=\"https:\/\/zen2050maintenant.fr\/index.php\/blog__trashed\/la-journee-du-13-mai\/animateurs\/\" \/>\n<meta property=\"og:locale\" content=\"fr_FR\" \/>\n<meta property=\"og:type\" content=\"article\" \/>\n<meta property=\"og:title\" content=\"Animateurs - Zen 2050\" \/>\n<meta property=\"og:url\" content=\"https:\/\/zen2050maintenant.fr\/index.php\/blog__trashed\/la-journee-du-13-mai\/animateurs\/\" \/>\n<meta property=\"og:site_name\" content=\"Zen 2050\" \/>\n<meta property=\"article:modified_time\" content=\"2023-04-03T03:03:31+00:00\" \/>\n<meta name=\"twitter:card\" content=\"summary_large_image\" \/>\n<meta name=\"twitter:label1\" content=\"Dur\u00e9e de lecture estim\u00e9e\" \/>\n\t<meta name=\"twitter:data1\" content=\"1 minute\" \/>\n<script type=\"application\/ld+json\" class=\"yoast-schema-graph\">{\"@context\":\"https:\/\/schema.org\",\"@graph\":[{\"@type\":\"WebPage\",\"@id\":\"https:\/\/zen2050maintenant.fr\/index.php\/blog__trashed\/la-journee-du-13-mai\/animateurs\/\",\"url\":\"https:\/\/zen2050maintenant.fr\/index.php\/blog__trashed\/la-journee-du-13-mai\/animateurs\/\",\"name\":\"Animateurs - Zen 2050\",\"isPartOf\":{\"@id\":\"https:\/\/zen2050maintenant.fr\/#website\"},\"datePublished\":\"2023-04-03T03:03:29+00:00\",\"dateModified\":\"2023-04-03T03:03:31+00:00\",\"breadcrumb\":{\"@id\":\"https:\/\/zen2050maintenant.fr\/index.php\/blog__trashed\/la-journee-du-13-mai\/animateurs\/#breadcrumb\"},\"inLanguage\":\"fr-FR\",\"potentialAction\":[{\"@type\":\"ReadAction\",\"target\":[\"https:\/\/zen2050maintenant.fr\/index.php\/blog__trashed\/la-journee-du-13-mai\/animateurs\/\"]}]},{\"@type\":\"BreadcrumbList\",\"@id\":\"https:\/\/zen2050maintenant.fr\/index.php\/blog__trashed\/la-journee-du-13-mai\/animateurs\/#breadcrumb\",\"itemListElement\":[{\"@type\":\"ListItem\",\"position\":1,\"name\":\"Accueil\",\"item\":\"https:\/\/zen2050maintenant.fr\/\"},{\"@type\":\"ListItem\",\"position\":2,\"name\":\"Nos \u00e9v\u00e8nements\",\"item\":\"https:\/\/zen2050maintenant.fr\/?page_id=8\"},{\"@type\":\"ListItem\",\"position\":3,\"name\":\"La journ\u00e9e du 13 Mai\",\"item\":\"https:\/\/zen2050maintenant.fr\/index.php\/blog__trashed\/la-journee-du-13-mai\/\"},{\"@type\":\"ListItem\",\"position\":4,\"name\":\"Animateurs\"}]},{\"@type\":\"WebSite\",\"@id\":\"https:\/\/zen2050maintenant.fr\/#website\",\"url\":\"https:\/\/zen2050maintenant.fr\/\",\"name\":\"Zen 2050 maintenant\",\"description\":\"Des actions locales et concr\u00e8tes vres la neutrali\u00e9 carbone en 2050\",\"publisher\":{\"@id\":\"https:\/\/zen2050maintenant.fr\/#organization\"},\"potentialAction\":[{\"@type\":\"SearchAction\",\"target\":{\"@type\":\"EntryPoint\",\"urlTemplate\":\"https:\/\/zen2050maintenant.fr\/?s={search_term_string}\"},\"query-input\":\"required name=search_term_string\"}],\"inLanguage\":\"fr-FR\"},{\"@type\":\"Organization\",\"@id\":\"https:\/\/zen2050maintenant.fr\/#organization\",\"name\":\"Zen 2050 maintenant\",\"url\":\"https:\/\/zen2050maintenant.fr\/\",\"logo\":{\"@type\":\"ImageObject\",\"inLanguage\":\"fr-FR\",\"@id\":\"https:\/\/zen2050maintenant.fr\/#\/schema\/logo\/image\/\",\"url\":\"https:\/\/i0.wp.com\/zen2050maintenant.fr\/wp-content\/uploads\/2023\/02\/logo.jpg?fit=261%2C186&ssl=1\",\"contentUrl\":\"https:\/\/i0.wp.com\/zen2050maintenant.fr\/wp-content\/uploads\/2023\/02\/logo.jpg?fit=261%2C186&ssl=1\",\"width\":261,\"height\":186,\"caption\":\"Zen 2050 maintenant\"},\"image\":{\"@id\":\"https:\/\/zen2050maintenant.fr\/#\/schema\/logo\/image\/\"}}]}<\/script>\n<!-- \/ Yoast SEO plugin. -->","yoast_head_json":{"title":"Animateurs - Zen 2050","robots":{"index":"index","follow":"follow","max-snippet":"max-snippet:-1","max-image-preview":"max-image-preview:large","max-video-preview":"max-video-preview:-1"},"canonical":"https:\/\/zen2050maintenant.fr\/index.php\/blog__trashed\/la-journee-du-13-mai\/animateurs\/","og_locale":"fr_FR","og_type":"article","og_title":"Animateurs - Zen 2050","og_url":"https:\/\/zen2050maintenant.fr\/index.php\/blog__trashed\/la-journee-du-13-mai\/animateurs\/","og_site_name":"Zen 2050","article_modified_time":"2023-04-03T03:03:31+00:00","twitter_card":"summary_large_image","twitter_misc":{"Dur\u00e9e de lecture estim\u00e9e":"1 minute"},"schema":{"@context":"https:\/\/schema.org","@graph":[{"@type":"WebPage","@id":"https:\/\/zen2050maintenant.fr\/index.php\/blog__trashed\/la-journee-du-13-mai\/animateurs\/","url":"https:\/\/zen2050maintenant.fr\/index.php\/blog__trashed\/la-journee-du-13-mai\/animateurs\/","name":"Animateurs - Zen 2050","isPartOf":{"@id":"https:\/\/zen2050maintenant.fr\/#website"},"datePublished":"2023-04-03T03:03:29+00:00","dateModified":"2023-04-03T03:03:31+00:00","breadcrumb":{"@id":"https:\/\/zen2050maintenant.fr\/index.php\/blog__trashed\/la-journee-du-13-mai\/animateurs\/#breadcrumb"},"inLanguage":"fr-FR","potentialAction":[{"@type":"ReadAction","target":["https:\/\/zen2050maintenant.fr\/index.php\/blog__trashed\/la-journee-du-13-mai\/animateurs\/"]}]},{"@type":"BreadcrumbList","@id":"https:\/\/zen2050maintenant.fr\/index.php\/blog__trashed\/la-journee-du-13-mai\/animateurs\/#breadcrumb","itemListElement":[{"@type":"ListItem","position":1,"name":"Accueil","item":"https:\/\/zen2050maintenant.fr\/"},{"@type":"ListItem","position":2,"name":"Nos \u00e9v\u00e8nements","item":"https:\/\/zen2050maintenant.fr\/?page_id=8"},{"@type":"ListItem","position":3,"name":"La journ\u00e9e du 13 Mai","item":"https:\/\/zen2050maintenant.fr\/index.php\/blog__trashed\/la-journee-du-13-mai\/"},{"@type":"ListItem","position":4,"name":"Animateurs"}]},{"@type":"WebSite","@id":"https:\/\/zen2050maintenant.fr\/#website","url":"https:\/\/zen2050maintenant.fr\/","name":"Zen 2050 maintenant","description":"Des actions locales et concr\u00e8tes vres la neutrali\u00e9 carbone en 2050","publisher":{"@id":"https:\/\/zen2050maintenant.fr\/#organization"},"potentialAction":[{"@type":"SearchAction","target":{"@type":"EntryPoint","urlTemplate":"https:\/\/zen2050maintenant.fr\/?s={search_term_string}"},"query-input":"required name=search_term_string"}],"inLanguage":"fr-FR"},{"@type":"Organization","@id":"https:\/\/zen2050maintenant.fr\/#organization","name":"Zen 2050 maintenant","url":"https:\/\/zen2050maintenant.fr\/","logo":{"@type":"ImageObject","inLanguage":"fr-FR","@id":"https:\/\/zen2050maintenant.fr\/#\/schema\/logo\/image\/","url":"https:\/\/i0.wp.com\/zen2050maintenant.fr\/wp-content\/uploads\/2023\/02\/logo.jpg?fit=261%2C186&ssl=1","contentUrl":"https:\/\/i0.wp.com\/zen2050maintenant.fr\/wp-content\/uploads\/2023\/02\/logo.jpg?fit=261%2C186&ssl=1","width":261,"height":186,"caption":"Zen 2050 maintenant"},"image":{"@id":"https:\/\/zen2050maintenant.fr\/#\/schema\/logo\/image\/"}}]}},"jetpack_sharing_enabled":true,"jetpack-related-posts":[{"id":42,"url":"https:\/\/zen2050maintenant.fr\/index.php\/lassociation\/","url_meta":{"origin":574,"position":0},"title":"Nos actions","author":"mipicard99@gmail.com","date":"18\/01\/2023","format":false,"excerpt":"Z.E.N. 2050, c'est Z\u00e9ro \u00c9missions Nettes de gaz \u00e0 effet de serre en 2050. C'est un engagement de l'ONU,\u00a0de l'Union Europ\u00e9enne, auquel la France a souscrit.Cet engagement est notamment repris par la Strat\u00e9gie Nationale Bas Carbone (SNBC), et localement\u00a0par le Plan Climat Air \u00c9nergie de nos territoires. Zen2050maintenant est une\u2026","rel":"","context":"Article similaire","block_context":{"text":"Article similaire","link":""},"img":{"alt_text":"","src":"","width":0,"height":0},"classes":[]},{"id":247,"url":"https:\/\/zen2050maintenant.fr\/index.php\/nos-projets-2\/blog\/la-journee-du-13-mai\/","url_meta":{"origin":574,"position":1},"title":"La journ\u00e9e du 13 Mai","author":"mipicard99@gmail.com","date":"14\/02\/2023","format":false,"excerpt":"Toute la journ\u00e9e \u00e0 Sceaux, rencontrez les associations, assistez \u00e0 des conf\u00e9rences, \u00e9changez. Et une bonne occasion de participer \u00e0 des ateliers ludiques. Si vous proposez d'\u00eatre animateur, merci de cliquer ici Choisissez votre atelier Su vous acceptez de vous inscrire, vous devez bien s\u00fbr donner un email et optionnellement\u2026","rel":"","context":"Article similaire","block_context":{"text":"Article similaire","link":""},"img":{"alt_text":"","src":"","width":0,"height":0},"classes":[]},{"id":3,"url":"https:\/\/zen2050maintenant.fr\/index.php\/politique-de-confidentialite\/","url_meta":{"origin":574,"position":2},"title":"Politique de confidentialit\u00e9","author":"mipicard99@gmail.com","date":"12\/01\/2023","format":false,"excerpt":"Qui sommes-nous\u00a0? L\u2019adresse de notre site est\u00a0: https:\/\/zen2050maintenant.fr. Commentaires Quand vous laissez un commentaire sur notre site, les donn\u00e9es inscrites dans le formulaire de commentaire, ainsi que votre adresse IP et l\u2019agent utilisateur de votre navigateur sont collect\u00e9s pour nous aider \u00e0 la d\u00e9tection des commentaires ind\u00e9sirables. Une cha\u00eene anonymis\u00e9e\u2026","rel":"","context":"Article similaire","block_context":{"text":"Article similaire","link":""},"img":{"alt_text":"","src":"","width":0,"height":0},"classes":[]}],"_links":{"self":[{"href":"https:\/\/zen2050maintenant.fr\/index.php\/wp-json\/wp\/v2\/pages\/574"}],"collection":[{"href":"https:\/\/zen2050maintenant.fr\/index.php\/wp-json\/wp\/v2\/pages"}],"about":[{"href":"https:\/\/zen2050maintenant.fr\/index.php\/wp-json\/wp\/v2\/types\/page"}],"author":[{"embeddable":true,"href":"https:\/\/zen2050maintenant.fr\/index.php\/wp-json\/wp\/v2\/users\/1"}],"replies":[{"embeddable":true,"href":"https:\/\/zen2050maintenant.fr\/index.php\/wp-json\/wp\/v2\/comments?post=574"}],"version-history":[{"count":1,"href":"https:\/\/zen2050maintenant.fr\/index.php\/wp-json\/wp\/v2\/pages\/574\/revisions"}],"predecessor-version":[{"id":575,"href":"https:\/\/zen2050maintenant.fr\/index.php\/wp-json\/wp\/v2\/pages\/574\/revisions\/575"}],"up":[{"embeddable":true,"href":"https:\/\/zen2050maintenant.fr\/index.php\/wp-json\/wp\/v2\/pages\/247"}],"wp:attachment":[{"href":"https:\/\/zen2050maintenant.fr\/index.php\/wp-json\/wp\/v2\/media?parent=574"}],"curies":[{"name":"wp","href":"https:\/\/api.w.org\/{rel}","templated":true}]}}